{"id":2472,"date":"2019-06-28T08:15:43","date_gmt":"2019-06-28T08:15:43","guid":{"rendered":"https:\/\/gutierrezinjury.attorney\/los-mejores-abogados-de-accidentes-automovilisticos\/t-bone-accident\/"},"modified":"2020-09-07T13:51:27","modified_gmt":"2020-09-07T13:51:27","slug":"accidentes-tipo-t-bone-o-de-costado","status":"publish","type":"page","link":"https:\/\/gutierrezinjury.attorney\/es\/los-mejores-abogados-de-accidentes-automovilisticos\/accidentes-tipo-t-bone-o-de-costado\/","title":{"rendered":"Accidentes tipo T-Bone o de Costado"},"content":{"rendered":"<div id=\"pl-2472\"  class=\"panel-layout\" ><div id=\"pg-2472-0\"  class=\"panel-grid panel-no-style\" ><div id=\"pgc-2472-0-0\"  class=\"panel-grid-cell\" ><div id=\"panel-2472-0-0-0\" class=\"so-panel widget widget_sow-editor panel-first-child panel-last-child\" data-index=\"0\" ><div class=\"so-widget-sow-editor so-widget-sow-editor-base\">\n<div class=\"siteorigin-widget-tinymce textwidget\">\n\t<p>Cuando una persona se ve envuelta en un Accidente tipo T-Bone o de Costado, una de las preguntas m\u00e1s comunes es si deben de contactar a un abogado experto en Accidentes Automovil\u00edsticos. La respuesta inmediata es s\u00ed, porque estos casos com\u00fanmente son muy complejos. No s\u00f3lo querr\u00e1 asegurarse de que ha contratado a uno de los mejores abogados de este tipo de accidentes, sino deber\u00e1 asegurarse que contrate a los abogados expertos en Accidente tipo T-Bone o de Costado aqu\u00ed en Los \u00c1ngeles porque ellos est\u00e1n en el \u00e1rea donde usted vive y se especializan en este tipo de accidentes. Muchas personas no entienden o no saben mucho acerca de los Accidente tipo T-Bone o de Costado, es por eso que es importante que contrate a un abogado que se especialice en ellos.<\/p>\n<p><strong>\u00bfQu\u00e9 pasa si se ve encuvelto en un Accidente tipo T-Bone o de Costado?<\/strong><br \/>\nCuando un Accidente tipo T-Bone o de Costado sucede, se hunde la parte lateral del veh\u00edculo que es golpeado. Este tipo de accidentes pueden provocar serias lesiones pues el impacto es muy severo. Mientras muchos de los nuevos modelos de accidentes cuentan con bolsas de aire laterales para proteger a los pasajeros en este tipo de accidentes, las personas que est\u00e1n del lado donde sucedi\u00f3 el impacto pueden sufrir lesiones muy graves, pues sus cabezas pueden golpearse con las ventanas. Algunas de las lesiones m\u00e1s comunes en los Accidentes tipo T-Bone o de Costado son: traumatismo craneoencef\u00e1lico, colapso de los pulmones, lesiones internas, y fracturas.<\/p>\n<p>Los Accidentes tipo T-Bone o de Costado pueden tener distintas categor\u00edas, las cuales son: menores, moderadas o graves. La forma en que se dividen es debido a que tanto el impacto hundi\u00f3 el veh\u00edculo. Si es 4 pulgadas o menos, es considerado menor. Si es 4 o 6 pulgadas es considerado moderado, si son m\u00e1s de 6 pulgadas es considerado grave. En la mayor\u00eda de los Accidentes tipo T-Bone o de Costado, es com\u00fan ver el techo del veh\u00edculo arrugado hacia adentro, lo cual puede causar a\u00fan m\u00e1s lesiones.<\/p>\n<p><strong>Responsabilidad en un Accidente tipo T-bone o de Costado<\/strong><br \/>\nLa mayor\u00eda de los Accidentes tipo T-Bone o de Costado son causados por el descuido del conductor. Hay muchas razones por las que un accidente de este tipo puede ocurrir, incluyendo: ir a alta velocidad o no obedecer las se\u00f1ales o leyes de tr\u00e1nsito. Para poder demandar a alguien en este tipo de casos, usted necesita probar que ellos fueron negligentes pues cualquier persona que maneja tiene la responsabilidad de conducir de forma segura y responsable, adem\u00e1s de seguir las reglas y las se\u00f1ales de tr\u00e1nsito. Para tener los elementos en su caso, muchos conductores recabar\u00e1n la informaci\u00f3n inmediatamente despu\u00e9s del accidente. Las cosas m\u00e1s comunes que deben de recabar son las siguientes:<\/p>\n<ul>\n<li>Evidencia f\u00edsica<\/li>\n<li>Copias de las leyes de tr\u00e1nsito<\/li>\n<li>Copias de los reportes de polic\u00eda hechos respecto al accidente<\/li>\n<li>Las entrevistas de los testigos<\/li>\n<li>Los documentos del hospital<\/li>\n<li>Modelos hechos para la reconstrucci\u00f3n del accidente<\/li>\n<li>Videos y fotograf\u00edas del accidente y del lugar donde ocurri\u00f3<\/li>\n<\/ul>\n<p>Tenga en mente, que aun cuando usted tenga todos estos elementos de prueba, el otro conductor puede intentar pelear el caso. En ese caso, usted debe asegurarse que tenga de su lado a uno de nuestros abogados de Los \u00c1ngeles pues son expertos en Accidentes tipo T-Bone o de Costado para que usted incremente sus posibilidades de ganar el caso.<\/p>\n<p><strong>\u00bfC\u00f3mo se debe de probar la culpa del conductor en la Corte?<\/strong><br \/>\nEn la corte, hay ciertas cosas que deben de acreditarse para probar que el conductor tuvo la culpa por ser negligente. Cada uno de estos es crucial para que gane su juicio. A continuaci\u00f3n, los discutimos con m\u00e1s detalle.<\/p>\n<ul>\n<li><strong>Deber de cuidado<\/strong><br \/>\nEl deber de cuidado significa que el conductor que tuvo la culpa ten\u00eda la obligaci\u00f3n de no lastimar a la persona que est\u00e1 siendo demandada en la corte. Todos los conductores tienen la obligaci\u00f3n de mantenerse a ellos y a los dem\u00e1s seguros mientras conducen en la calle.<\/li>\n<li><strong>Inobservancia al deber de cuidado<\/strong><br \/>\nUna vez que se ha establecido que la persona que fue responsable del accidente, ten\u00eda un deber de cuidado, la persona que est\u00e1 demandando necesita probar que esa persona no respet\u00f3 ese deber de cuidado. Esto puede hacerse mediante el ofrecimiento de evidencia con la que se cuente, como puede ser los reportes policiacos, los v\u00eddeos o fotograf\u00edas del accidente, y la informaci\u00f3n con la que cuente el hospital.<\/li>\n<li><strong>Nexo de Causalidad <\/strong><br \/>\nSi el demandante prueba que el demandado ten\u00eda el deber de cuidado y no lo observ\u00f3, no prueba que la persona demandada tuvo realmente la culpa. Pues se debe de probar que el demandado provoc\u00f3 el accidente. La mejor manera de hacer esto es demostrando c\u00f3mo sucedi\u00f3 el accidente. Para ello, el uso de modelos a escala es sumamente importante.<\/li>\n<li><strong>Da\u00f1os <\/strong><br \/>\nEl demandante tiene que probar que el conductor que caus\u00f3 las lesiones y el da\u00f1o a la propiedad, pues s\u00f3lo probar que tuvo la culpa del accidente, no significa que haya causado los da\u00f1os. Dicho lo anterior, el demandante debe de probar que el demandado fue quien caus\u00f3 los da\u00f1os que sufri\u00f3.<\/li>\n<li><strong>Obtenci\u00f3n de la Indemnizaci\u00f3n <\/strong><br \/>\nAl contratar a uno de nuestros abogadosexpertos en Accidentes tipo T-Bone o de Costado de aqu\u00ed de Los \u00c1ngeles incrementar\u00e1 las posibilidades de obtener una indemnizaci\u00f3n integral. No s\u00f3lo porque somos conocedores y estudiosos de la ley, sino porque tenemos la experiencia y saben c\u00f3mo trabaja el sistema. Si usted intenta ir a la corte, aseg\u00farese que cuenta con una buena representaci\u00f3n legal, no intente ir s\u00f3lo.<\/li>\n<\/ul>\n<p>Como usted puede ver, este tipo de accidentes pueden ser muy complejos y dif\u00edciles no s\u00f3lo debe de buscar tener a los mejores abogadosexpertos en Accidentes Automovil\u00edsticos, sino que sea especialista en Accidentes tipo T-Bone o de Costado de aqu\u00ed de Los \u00c1ngeles. Esto le dar\u00e1m\u00e1s posibilidades a usted de ganar su caso y obtener una indemnizaci\u00f3n justa. Usted tiene la posibilidad de contar con uno de los mejores abogadosexpertos en Accidentes Automovil\u00edsticos, el cual, lo ayudar\u00e1 a probar su caso y obtener la indemnizaci\u00f3n que se merece.<\/p>\n<\/div>\n<\/div><\/div><\/div><\/div><\/div>","protected":false},"excerpt":{"rendered":"<p>Cuando una persona se ve envuelta en un Accidente tipo T-Bone o de Costado, una de las preguntas m\u00e1s comunes es si deben de contactar a un abogado experto en Accidentes Automovil\u00edsticos. La respuesta inmediata es s\u00ed, porque estos casos com\u00fanmente son muy complejos. No s\u00f3lo querr\u00e1 asegurarse de que ha contratado a uno de los mejores abogados de este tipo de accidentes, sino deber\u00e1 asegurarse que contrate a los abogados expertos en Accidente tipo T-Bone o de Costado aqu\u00ed en Los \u00c1ngeles porque ellos est\u00e1n en el \u00e1rea donde usted vive y se especializan en este tipo de accidentes. Muchas personas no entienden o no saben mucho acerca de los Accidente tipo T-Bone o de Costado, es por eso que es importante que contrate a un abogado que se especialice en ellos. \u00bfQu\u00e9 pasa si se ve encuvelto en un Accidente tipo T-Bone o de Costado? Cuando un Accidente tipo T-Bone o de Costado sucede, se hunde la parte lateral del veh\u00edculo que es golpeado. Este tipo de accidentes pueden provocar serias lesiones pues el impacto es muy severo. Mientras muchos de los nuevos modelos de accidentes cuentan con bolsas de aire laterales para proteger a los pasajeros en este tipo de accidentes, las personas que est\u00e1n del lado donde sucedi\u00f3 el impacto pueden sufrir lesiones muy graves, pues sus cabezas pueden golpearse con las ventanas. Algunas de las lesiones m\u00e1s comunes en los Accidentes tipo T-Bone o de Costado son: traumatismo craneoencef\u00e1lico, colapso de los pulmones, lesiones internas, y fracturas. Los Accidentes tipo T-Bone o de Costado pueden tener distintas categor\u00edas, las cuales son: menores, moderadas o graves. La forma en que se dividen es debido a que tanto el impacto hundi\u00f3 el veh\u00edculo. Si es 4 pulgadas o menos, es considerado menor. Si es 4 o 6 pulgadas es considerado moderado, si son m\u00e1s de 6 pulgadas es considerado grave. En la mayor\u00eda de los Accidentes tipo T-Bone o de Costado, es com\u00fan ver el techo del veh\u00edculo arrugado hacia adentro, lo cual puede causar a\u00fan m\u00e1s lesiones. Responsabilidad en un Accidente tipo T-bone o de Costado La mayor\u00eda de los Accidentes tipo T-Bone o de Costado son causados por el descuido del conductor. Hay muchas razones por las que un accidente de este tipo puede ocurrir, incluyendo: ir a alta velocidad o no obedecer las se\u00f1ales o leyes de tr\u00e1nsito. Para poder demandar a alguien en este tipo de casos, usted necesita probar que ellos fueron negligentes pues cualquier persona que maneja tiene la responsabilidad de conducir de forma segura y responsable, adem\u00e1s de seguir las reglas y las se\u00f1ales de tr\u00e1nsito. Para tener los elementos en su caso, muchos conductores recabar\u00e1n la informaci\u00f3n inmediatamente despu\u00e9s del accidente. Las cosas m\u00e1s comunes que deben de recabar son las siguientes: Evidencia f\u00edsica Copias de las leyes de tr\u00e1nsito Copias de los reportes de polic\u00eda hechos respecto al accidente Las entrevistas de los testigos Los documentos del hospital Modelos hechos para la reconstrucci\u00f3n del accidente Videos y fotograf\u00edas del accidente y del lugar donde ocurri\u00f3 Tenga en mente, que aun cuando usted tenga todos estos elementos de prueba, [&hellip;]<\/p>\n","protected":false},"author":2,"featured_media":0,"parent":2464,"menu_order":0,"comment_status":"closed","ping_status":"closed","template":"","meta":{"footnotes":""},"class_list":["post-2472","page","type-page","status-publish","hentry"],"yoast_head":"<!-- This site is optimized with the Yoast SEO plugin v16.3 - https:\/\/yoast.com\/wordpress\/plugins\/seo\/ -->\n<title>Accidentes tipo T-Bone o de Costado - Personal Injury Lawyer Los Angeles<\/title>\n<meta name=\"robots\" content=\"index, follow, max-snippet:-1, max-image-preview:large, max-video-preview:-1\" \/>\n<link rel=\"canonical\" href=\"https:\/\/gutierrezinjury.attorney\/es\/los-mejores-abogados-de-accidentes-automovilisticos\/accidentes-tipo-t-bone-o-de-costado\/\" \/>\n<meta property=\"og:locale\" content=\"es_ES\" \/>\n<meta property=\"og:type\" content=\"article\" \/>\n<meta property=\"og:title\" content=\"Accidentes tipo T-Bone o de Costado - Personal Injury Lawyer Los Angeles\" \/>\n<meta property=\"og:description\" content=\"Cuando una persona se ve envuelta en un Accidente tipo T-Bone o de Costado, una de las preguntas m\u00e1s comunes es si deben de contactar a un abogado experto en Accidentes Automovil\u00edsticos. La respuesta inmediata es s\u00ed, porque estos casos com\u00fanmente son muy complejos. No s\u00f3lo querr\u00e1 asegurarse de que ha contratado a uno de los mejores abogados de este tipo de accidentes, sino deber\u00e1 asegurarse que contrate a los abogados expertos en Accidente tipo T-Bone o de Costado aqu\u00ed en Los \u00c1ngeles porque ellos est\u00e1n en el \u00e1rea donde usted vive y se especializan en este tipo de accidentes. Muchas personas no entienden o no saben mucho acerca de los Accidente tipo T-Bone o de Costado, es por eso que es importante que contrate a un abogado que se especialice en ellos. \u00bfQu\u00e9 pasa si se ve encuvelto en un Accidente tipo T-Bone o de Costado? Cuando un Accidente tipo T-Bone o de Costado sucede, se hunde la parte lateral del veh\u00edculo que es golpeado. Este tipo de accidentes pueden provocar serias lesiones pues el impacto es muy severo. Mientras muchos de los nuevos modelos de accidentes cuentan con bolsas de aire laterales para proteger a los pasajeros en este tipo de accidentes, las personas que est\u00e1n del lado donde sucedi\u00f3 el impacto pueden sufrir lesiones muy graves, pues sus cabezas pueden golpearse con las ventanas. Algunas de las lesiones m\u00e1s comunes en los Accidentes tipo T-Bone o de Costado son: traumatismo craneoencef\u00e1lico, colapso de los pulmones, lesiones internas, y fracturas. Los Accidentes tipo T-Bone o de Costado pueden tener distintas categor\u00edas, las cuales son: menores, moderadas o graves. La forma en que se dividen es debido a que tanto el impacto hundi\u00f3 el veh\u00edculo. Si es 4 pulgadas o menos, es considerado menor. Si es 4 o 6 pulgadas es considerado moderado, si son m\u00e1s de 6 pulgadas es considerado grave. En la mayor\u00eda de los Accidentes tipo T-Bone o de Costado, es com\u00fan ver el techo del veh\u00edculo arrugado hacia adentro, lo cual puede causar a\u00fan m\u00e1s lesiones. Responsabilidad en un Accidente tipo T-bone o de Costado La mayor\u00eda de los Accidentes tipo T-Bone o de Costado son causados por el descuido del conductor. Hay muchas razones por las que un accidente de este tipo puede ocurrir, incluyendo: ir a alta velocidad o no obedecer las se\u00f1ales o leyes de tr\u00e1nsito. Para poder demandar a alguien en este tipo de casos, usted necesita probar que ellos fueron negligentes pues cualquier persona que maneja tiene la responsabilidad de conducir de forma segura y responsable, adem\u00e1s de seguir las reglas y las se\u00f1ales de tr\u00e1nsito. Para tener los elementos en su caso, muchos conductores recabar\u00e1n la informaci\u00f3n inmediatamente despu\u00e9s del accidente. Las cosas m\u00e1s comunes que deben de recabar son las siguientes: Evidencia f\u00edsica Copias de las leyes de tr\u00e1nsito Copias de los reportes de polic\u00eda hechos respecto al accidente Las entrevistas de los testigos Los documentos del hospital Modelos hechos para la reconstrucci\u00f3n del accidente Videos y fotograf\u00edas del accidente y del lugar donde ocurri\u00f3 Tenga en mente, que aun cuando usted tenga todos estos elementos de prueba, [&hellip;]\" \/>\n<meta property=\"og:url\" content=\"https:\/\/gutierrezinjury.attorney\/es\/los-mejores-abogados-de-accidentes-automovilisticos\/accidentes-tipo-t-bone-o-de-costado\/\" \/>\n<meta property=\"og:site_name\" content=\"Personal Injury Lawyer Los Angeles\" \/>\n<meta property=\"article:modified_time\" content=\"2020-09-07T13:51:27+00:00\" \/>\n<meta name=\"twitter:card\" content=\"summary_large_image\" \/>\n<meta name=\"twitter:label1\" content=\"Tiempo de lectura\">\n\t<meta name=\"twitter:data1\" content=\"5 minutos\">\n<script type=\"application\/ld+json\" class=\"yoast-schema-graph\">{\"@context\":\"https:\/\/schema.org\",\"@graph\":[{\"@type\":\"WebSite\",\"@id\":\"https:\/\/gutierrezinjury.attorney\/#website\",\"url\":\"https:\/\/gutierrezinjury.attorney\/\",\"name\":\"Personal Injury Lawyer Los Angeles\",\"description\":\"How to File Personal Injury Claim\",\"potentialAction\":[{\"@type\":\"SearchAction\",\"target\":\"https:\/\/gutierrezinjury.attorney\/?s={search_term_string}\",\"query-input\":\"required name=search_term_string\"}],\"inLanguage\":\"es\"},{\"@type\":\"WebPage\",\"@id\":\"https:\/\/gutierrezinjury.attorney\/es\/los-mejores-abogados-de-accidentes-automovilisticos\/accidentes-tipo-t-bone-o-de-costado\/#webpage\",\"url\":\"https:\/\/gutierrezinjury.attorney\/es\/los-mejores-abogados-de-accidentes-automovilisticos\/accidentes-tipo-t-bone-o-de-costado\/\",\"name\":\"Accidentes tipo T-Bone o de Costado - Personal Injury Lawyer Los Angeles\",\"isPartOf\":{\"@id\":\"https:\/\/gutierrezinjury.attorney\/#website\"},\"datePublished\":\"2019-06-28T08:15:43+00:00\",\"dateModified\":\"2020-09-07T13:51:27+00:00\",\"breadcrumb\":{\"@id\":\"https:\/\/gutierrezinjury.attorney\/es\/los-mejores-abogados-de-accidentes-automovilisticos\/accidentes-tipo-t-bone-o-de-costado\/#breadcrumb\"},\"inLanguage\":\"es\",\"potentialAction\":[{\"@type\":\"ReadAction\",\"target\":[\"https:\/\/gutierrezinjury.attorney\/es\/los-mejores-abogados-de-accidentes-automovilisticos\/accidentes-tipo-t-bone-o-de-costado\/\"]}]},{\"@type\":\"BreadcrumbList\",\"@id\":\"https:\/\/gutierrezinjury.attorney\/es\/los-mejores-abogados-de-accidentes-automovilisticos\/accidentes-tipo-t-bone-o-de-costado\/#breadcrumb\",\"itemListElement\":[{\"@type\":\"ListItem\",\"position\":1,\"item\":{\"@type\":\"WebPage\",\"@id\":\"https:\/\/gutierrezinjury.attorney\/es\/\",\"url\":\"https:\/\/gutierrezinjury.attorney\/es\/\",\"name\":\"Home\"}},{\"@type\":\"ListItem\",\"position\":2,\"item\":{\"@type\":\"WebPage\",\"@id\":\"https:\/\/gutierrezinjury.attorney\/es\/los-mejores-abogados-de-accidentes-automovilisticos\/\",\"url\":\"https:\/\/gutierrezinjury.attorney\/es\/los-mejores-abogados-de-accidentes-automovilisticos\/\",\"name\":\"Los mejores abogados de Accidentes Automovil\\u00edsticos\"}},{\"@type\":\"ListItem\",\"position\":3,\"item\":{\"@id\":\"https:\/\/gutierrezinjury.attorney\/es\/los-mejores-abogados-de-accidentes-automovilisticos\/accidentes-tipo-t-bone-o-de-costado\/#webpage\"}}]}]}<\/script>\n<!-- \/ Yoast SEO plugin. -->","_links":{"self":[{"href":"https:\/\/gutierrezinjury.attorney\/es\/wp-json\/wp\/v2\/pages\/2472","targetHints":{"allow":["GET"]}}],"collection":[{"href":"https:\/\/gutierrezinjury.attorney\/es\/wp-json\/wp\/v2\/pages"}],"about":[{"href":"https:\/\/gutierrezinjury.attorney\/es\/wp-json\/wp\/v2\/types\/page"}],"author":[{"embeddable":true,"href":"https:\/\/gutierrezinjury.attorney\/es\/wp-json\/wp\/v2\/users\/2"}],"replies":[{"embeddable":true,"href":"https:\/\/gutierrezinjury.attorney\/es\/wp-json\/wp\/v2\/comments?post=2472"}],"version-history":[{"count":0,"href":"https:\/\/gutierrezinjury.attorney\/es\/wp-json\/wp\/v2\/pages\/2472\/revisions"}],"up":[{"embeddable":true,"href":"https:\/\/gutierrezinjury.attorney\/es\/wp-json\/wp\/v2\/pages\/2464"}],"wp:attachment":[{"href":"https:\/\/gutierrezinjury.attorney\/es\/wp-json\/wp\/v2\/media?parent=2472"}],"curies":[{"name":"wp","href":"https:\/\/api.w.org\/{rel}","templated":true}]}}