{"id":2459,"date":"2019-10-16T08:14:07","date_gmt":"2019-10-16T08:14:07","guid":{"rendered":"https:\/\/gutierrezinjury.attorney\/tipos-de-accidentes-ocasionados-en-la-alberca\/swimming-pool-accident-prevention\/"},"modified":"2020-09-07T13:33:32","modified_gmt":"2020-09-07T13:33:32","slug":"prevencion-de-accidentes-de-alberca","status":"publish","type":"page","link":"https:\/\/gutierrezinjury.attorney\/es\/tipos-de-accidentes-ocasionados-en-la-alberca\/prevencion-de-accidentes-de-alberca\/","title":{"rendered":"PREVENCI\u00d3N DE ACCIDENTES DE ALBERCA"},"content":{"rendered":"<div id=\"pl-2459\"  class=\"panel-layout\" ><div id=\"pg-2459-0\"  class=\"panel-grid panel-no-style\" ><div id=\"pgc-2459-0-0\"  class=\"panel-grid-cell\" ><div id=\"panel-2459-0-0-0\" class=\"so-panel widget widget_sow-editor panel-first-child panel-last-child\" data-index=\"0\" ><div class=\"so-widget-sow-editor so-widget-sow-editor-base\">\n<div class=\"siteorigin-widget-tinymce textwidget\">\n\t<h2>Contactar a un Abogado Especialista en Accidentes de Alberca<\/h2>\n<p>Las albercas son conocidas como una atracci\u00f3n para los menores de edad, aun cuando no sepan nadar. Llaman la atenci\u00f3n de ni\u00f1os peque\u00f1os y ni\u00f1os, es por ello que se les conoce como \u00e1reas peligrosas dentro de un inmueble y que son atractivos para los menores de edad. En cuesti\u00f3n de segundos, los ni\u00f1os pueden desaparecer de la vista de los adultos e ir directo a la alberca, sin que haya nadie alrededor, poni\u00e9ndolos en un grave riesgo de ahogamiento. No importa que temporada del a\u00f1o sea, es muy importante para los padres, mantener a sus hijos seguros tanto adentro como fuera de la casa, especialmente cuando hay una alberca o una tina de hidromasaje en la propiedad. Un accidente de alberca puede pasar en cualquier lugar, en cualquier momento, a\u00fan si es en el patio trasero de su casa, en la casa de su vecino o en durante sus vacaciones. En este art\u00edculo, usted conocer\u00e1 la importancia de contar con medidas de seguridad que cualquier padre deber\u00eda de conocer y para prevenir que una tragedia suceda en su alberca.<\/p>\n<p><strong>Cercas de protecci\u00f3n para albercas: <\/strong>las cercas de protecci\u00f3npara albercas pueden ser portables o permanentes al estar instaladas alrededor del piso de las albercas o de las tinas de hidromasaje. Por lo tanto, no hay excusas para que las albercas no tengan cercas de protecci\u00f3n, especialmente cuando hay ni\u00f1os alrededor. Muchas de los accidentes de albercas son causados por ni\u00f1os que caen en las albercas que no tienen ning\u00fan tipo de cerca de protecci\u00f3n. Las cercas de protecci\u00f3n son el medio m\u00e1s efectivo para que los menores de edad no se ahoguen. Las cercas de protecci\u00f3n deben de medir alrededor de 4 pies de altura y deben de alrededor de toda la alberca. Adem\u00e1s, deben de impedir que puedan saltarlas, contar con un candado o cerradura para que los menores de edad no traten de entrar a la alberca.<\/p>\n<p><strong>Alarmas: <\/strong>las alarmas juegan un papel fundamental para la protecci\u00f3n de una alberca, ya sea una alarma de alberca, una alarma de la casa, una alarma de la puerta de ingreso o una cubierta de la alberca. Usted siempre deber\u00eda asegurarse que las alarmas cuentan con bater\u00edas nuevas y que trabajen perfectamente. Sin embargo, tenga en mente que las alarmas no deben de sustituir a las cercas de protecci\u00f3n de las albercas. Aunque las alarmas son una muy buena forma para proteger a los ni\u00f1os, pues cuando \u00e9stos se ahogan no pueden ser o\u00eddos, es sumamente importante que la alberca est\u00e9 equipada con una cerca de protecci\u00f3n y una alarma.<\/p>\n<p>Adem\u00e1s de la cerca de protecci\u00f3n y las alarmas, nuestros experimentados y conocedores abogados en Accidentes de Alberca tambi\u00e9n sugieren que tome las siguientes medidas de prevenci\u00f3n:<\/p>\n<ul>\n<li>Chalecos salvavidas: Si su hijo est\u00e1 en el agua o cerca de ella, usted deber\u00eda ponerles siempre chalecos salvavidas que est\u00e9n aprobados por la Guardia Costera de los Estados Unidos.<\/li>\n<li>Clases de nataci\u00f3n: las clases de nataci\u00f3n son altamente recomendables para ni\u00f1os, pues dan una protecci\u00f3n extra contra los ahogamientos.<\/li>\n<li>Entrenamiento de Primeros Auxilios o CPR: los padres, las personas que est\u00e1n al cuidado de los ni\u00f1os y los propietarios de las albercas deben de estar entrenados en Primeros Auxilios o CPR y deben de saber qu\u00e9 hacer si hay una emergencia.<\/li>\n<li>Un vigilante en la alberca: usted deber\u00eda de asignar a un adulto para que vigile a los menores mientras est\u00e1n en la alberca. Esta persona no debe estar al tel\u00e9fono o hacer actividades que lo distraigan, y cambiar su turno con otros adultos, as\u00ed como supervisar a los menores aun cuando haya un salvavidas.<\/li>\n<\/ul>\n<p>Dicho lo anterior, hay muchos factores que deben de considerar los padres para garantizar la seguridad de los menores de edad en la alberca y evitar un accidente en la misma. De nuevo, lo menores se pueden ahogar en cualquier momento y lugar, puede suceder de forma silenciosa y en cuesti\u00f3n de segundos. Nunca subestime el poder de estas recomendaciones, porque pueden salvarle la vida a un menor o a usted. Si usted es un padre o es propietario de una alberca, es important\u00edsimo que usted conozca las medidas de precauci\u00f3n que debe de tomar. En la Firma Legal de Oscar H. Gutierrez contamos con abogados experimentados en este tipo de casos hemos representado a muchas v\u00edctimas y sus familias en Accidentes de Alberca. Entendemos que el estr\u00e9s y el dolor que este tipo de accidentes traen a una familia. Durante esos tiempos dif\u00edciles queremos estar ah\u00ed para su familia. Si usted o su ser amado necesita un <strong>abogado especialista en Accidentes de Alberca aqu\u00ed en Los \u00c1ngeles<\/strong>, nuestro equipo de abogados de la Firma Legal de Oscar H. Gutierrez puede ayudarlo en cada etapa del proceso legal. Haremos todo lo que est\u00e9 a nuestro alcance para obtener el monto m\u00e1s alto de indemnizaci\u00f3n por la p\u00e9rdida que usted sufri\u00f3 y nos haremos cargo de cualquier aspecto legal de su caso. Aunado a ello, ofrecemos consultas legales gratuitas, por ello, usted no tiene nada que perder al contactarnos. Si\u00e9ntase libre de marcarnos en cualquier momento para hablar con uno de <strong>nuestros abogados expertos en Lesiones Personales de Los \u00c1ngeles. <\/strong><\/p>\n<\/div>\n<\/div><\/div><\/div><\/div><\/div>","protected":false},"excerpt":{"rendered":"<p>Contactar a un Abogado Especialista en Accidentes de Alberca Las albercas son conocidas como una atracci\u00f3n para los menores de edad, aun cuando no sepan nadar. Llaman la atenci\u00f3n de ni\u00f1os peque\u00f1os y ni\u00f1os, es por ello que se les conoce como \u00e1reas peligrosas dentro de un inmueble y que son atractivos para los menores de edad. En cuesti\u00f3n de segundos, los ni\u00f1os pueden desaparecer de la vista de los adultos e ir directo a la alberca, sin que haya nadie alrededor, poni\u00e9ndolos en un grave riesgo de ahogamiento. No importa que temporada del a\u00f1o sea, es muy importante para los padres, mantener a sus hijos seguros tanto adentro como fuera de la casa, especialmente cuando hay una alberca o una tina de hidromasaje en la propiedad. Un accidente de alberca puede pasar en cualquier lugar, en cualquier momento, a\u00fan si es en el patio trasero de su casa, en la casa de su vecino o en durante sus vacaciones. En este art\u00edculo, usted conocer\u00e1 la importancia de contar con medidas de seguridad que cualquier padre deber\u00eda de conocer y para prevenir que una tragedia suceda en su alberca. Cercas de protecci\u00f3n para albercas: las cercas de protecci\u00f3npara albercas pueden ser portables o permanentes al estar instaladas alrededor del piso de las albercas o de las tinas de hidromasaje. Por lo tanto, no hay excusas para que las albercas no tengan cercas de protecci\u00f3n, especialmente cuando hay ni\u00f1os alrededor. Muchas de los accidentes de albercas son causados por ni\u00f1os que caen en las albercas que no tienen ning\u00fan tipo de cerca de protecci\u00f3n. Las cercas de protecci\u00f3n son el medio m\u00e1s efectivo para que los menores de edad no se ahoguen. Las cercas de protecci\u00f3n deben de medir alrededor de 4 pies de altura y deben de alrededor de toda la alberca. Adem\u00e1s, deben de impedir que puedan saltarlas, contar con un candado o cerradura para que los menores de edad no traten de entrar a la alberca. Alarmas: las alarmas juegan un papel fundamental para la protecci\u00f3n de una alberca, ya sea una alarma de alberca, una alarma de la casa, una alarma de la puerta de ingreso o una cubierta de la alberca. Usted siempre deber\u00eda asegurarse que las alarmas cuentan con bater\u00edas nuevas y que trabajen perfectamente. Sin embargo, tenga en mente que las alarmas no deben de sustituir a las cercas de protecci\u00f3n de las albercas. Aunque las alarmas son una muy buena forma para proteger a los ni\u00f1os, pues cuando \u00e9stos se ahogan no pueden ser o\u00eddos, es sumamente importante que la alberca est\u00e9 equipada con una cerca de protecci\u00f3n y una alarma. Adem\u00e1s de la cerca de protecci\u00f3n y las alarmas, nuestros experimentados y conocedores abogados en Accidentes de Alberca tambi\u00e9n sugieren que tome las siguientes medidas de prevenci\u00f3n: Chalecos salvavidas: Si su hijo est\u00e1 en el agua o cerca de ella, usted deber\u00eda ponerles siempre chalecos salvavidas que est\u00e9n aprobados por la Guardia Costera de los Estados Unidos. Clases de nataci\u00f3n: las clases de nataci\u00f3n son altamente recomendables para ni\u00f1os, pues dan una protecci\u00f3n extra contra los ahogamientos. Entrenamiento de Primeros Auxilios o [&hellip;]<\/p>\n","protected":false},"author":2,"featured_media":0,"parent":2346,"menu_order":0,"comment_status":"closed","ping_status":"closed","template":"","meta":{"footnotes":""},"class_list":["post-2459","page","type-page","status-publish","hentry"],"yoast_head":"<!-- This site is optimized with the Yoast SEO plugin v16.3 - https:\/\/yoast.com\/wordpress\/plugins\/seo\/ -->\n<title>Swimming Pool Accident Prevention - Swimming Pool Accident Attorney<\/title>\n<meta name=\"description\" content=\"Swimming pool accidents pose a serious risk to children, therefore, it is important that you do everything you can to prevent them from happening.\" \/>\n<meta name=\"robots\" content=\"index, follow, max-snippet:-1, max-image-preview:large, max-video-preview:-1\" \/>\n<link rel=\"canonical\" href=\"https:\/\/gutierrezinjury.attorney\/es\/tipos-de-accidentes-ocasionados-en-la-alberca\/prevencion-de-accidentes-de-alberca\/\" \/>\n<meta property=\"og:locale\" content=\"es_ES\" \/>\n<meta property=\"og:type\" content=\"article\" \/>\n<meta property=\"og:title\" content=\"Swimming Pool Accident Prevention - Swimming Pool Accident Attorney\" \/>\n<meta property=\"og:description\" content=\"Swimming pool accidents pose a serious risk to children, therefore, it is important that you do everything you can to prevent them from happening.\" \/>\n<meta property=\"og:url\" content=\"https:\/\/gutierrezinjury.attorney\/es\/tipos-de-accidentes-ocasionados-en-la-alberca\/prevencion-de-accidentes-de-alberca\/\" \/>\n<meta property=\"og:site_name\" content=\"Personal Injury Lawyer Los Angeles\" \/>\n<meta property=\"article:modified_time\" content=\"2020-09-07T13:33:32+00:00\" \/>\n<meta name=\"twitter:card\" content=\"summary_large_image\" \/>\n<meta name=\"twitter:label1\" content=\"Tiempo de lectura\">\n\t<meta name=\"twitter:data1\" content=\"5 minutos\">\n<script type=\"application\/ld+json\" class=\"yoast-schema-graph\">{\"@context\":\"https:\/\/schema.org\",\"@graph\":[{\"@type\":\"WebSite\",\"@id\":\"https:\/\/gutierrezinjury.attorney\/#website\",\"url\":\"https:\/\/gutierrezinjury.attorney\/\",\"name\":\"Personal Injury Lawyer Los Angeles\",\"description\":\"How to File Personal Injury Claim\",\"potentialAction\":[{\"@type\":\"SearchAction\",\"target\":\"https:\/\/gutierrezinjury.attorney\/?s={search_term_string}\",\"query-input\":\"required name=search_term_string\"}],\"inLanguage\":\"es\"},{\"@type\":\"WebPage\",\"@id\":\"https:\/\/gutierrezinjury.attorney\/es\/tipos-de-accidentes-ocasionados-en-la-alberca\/prevencion-de-accidentes-de-alberca\/#webpage\",\"url\":\"https:\/\/gutierrezinjury.attorney\/es\/tipos-de-accidentes-ocasionados-en-la-alberca\/prevencion-de-accidentes-de-alberca\/\",\"name\":\"Swimming Pool Accident Prevention - Swimming Pool Accident Attorney\",\"isPartOf\":{\"@id\":\"https:\/\/gutierrezinjury.attorney\/#website\"},\"datePublished\":\"2019-10-16T08:14:07+00:00\",\"dateModified\":\"2020-09-07T13:33:32+00:00\",\"description\":\"Swimming pool accidents pose a serious risk to children, therefore, it is important that you do everything you can to prevent them from happening.\",\"breadcrumb\":{\"@id\":\"https:\/\/gutierrezinjury.attorney\/es\/tipos-de-accidentes-ocasionados-en-la-alberca\/prevencion-de-accidentes-de-alberca\/#breadcrumb\"},\"inLanguage\":\"es\",\"potentialAction\":[{\"@type\":\"ReadAction\",\"target\":[\"https:\/\/gutierrezinjury.attorney\/es\/tipos-de-accidentes-ocasionados-en-la-alberca\/prevencion-de-accidentes-de-alberca\/\"]}]},{\"@type\":\"BreadcrumbList\",\"@id\":\"https:\/\/gutierrezinjury.attorney\/es\/tipos-de-accidentes-ocasionados-en-la-alberca\/prevencion-de-accidentes-de-alberca\/#breadcrumb\",\"itemListElement\":[{\"@type\":\"ListItem\",\"position\":1,\"item\":{\"@type\":\"WebPage\",\"@id\":\"https:\/\/gutierrezinjury.attorney\/es\/\",\"url\":\"https:\/\/gutierrezinjury.attorney\/es\/\",\"name\":\"Home\"}},{\"@type\":\"ListItem\",\"position\":2,\"item\":{\"@type\":\"WebPage\",\"@id\":\"https:\/\/gutierrezinjury.attorney\/es\/tipos-de-accidentes-ocasionados-en-la-alberca\/\",\"url\":\"https:\/\/gutierrezinjury.attorney\/es\/tipos-de-accidentes-ocasionados-en-la-alberca\/\",\"name\":\"TIPOS DE ACCIDENTES OCASIONADOS EN LA ALBERCA\"}},{\"@type\":\"ListItem\",\"position\":3,\"item\":{\"@id\":\"https:\/\/gutierrezinjury.attorney\/es\/tipos-de-accidentes-ocasionados-en-la-alberca\/prevencion-de-accidentes-de-alberca\/#webpage\"}}]}]}<\/script>\n<!-- \/ Yoast SEO plugin. -->","_links":{"self":[{"href":"https:\/\/gutierrezinjury.attorney\/es\/wp-json\/wp\/v2\/pages\/2459","targetHints":{"allow":["GET"]}}],"collection":[{"href":"https:\/\/gutierrezinjury.attorney\/es\/wp-json\/wp\/v2\/pages"}],"about":[{"href":"https:\/\/gutierrezinjury.attorney\/es\/wp-json\/wp\/v2\/types\/page"}],"author":[{"embeddable":true,"href":"https:\/\/gutierrezinjury.attorney\/es\/wp-json\/wp\/v2\/users\/2"}],"replies":[{"embeddable":true,"href":"https:\/\/gutierrezinjury.attorney\/es\/wp-json\/wp\/v2\/comments?post=2459"}],"version-history":[{"count":0,"href":"https:\/\/gutierrezinjury.attorney\/es\/wp-json\/wp\/v2\/pages\/2459\/revisions"}],"up":[{"embeddable":true,"href":"https:\/\/gutierrezinjury.attorney\/es\/wp-json\/wp\/v2\/pages\/2346"}],"wp:attachment":[{"href":"https:\/\/gutierrezinjury.attorney\/es\/wp-json\/wp\/v2\/media?parent=2459"}],"curies":[{"name":"wp","href":"https:\/\/api.w.org\/{rel}","templated":true}]}}