{"id":2456,"date":"2019-06-28T08:09:46","date_gmt":"2019-06-28T08:09:46","guid":{"rendered":"https:\/\/gutierrezinjury.attorney\/los-accidentes-de-autobus\/the-benefits-of-hiring-a-bus-accident-attorney\/"},"modified":"2020-09-07T13:30:13","modified_gmt":"2020-09-07T13:30:13","slug":"los-beneficios-de-contratar-a-un-abogado-especialista-en-accidentes-de-autobus","status":"publish","type":"page","link":"https:\/\/gutierrezinjury.attorney\/es\/los-accidentes-de-autobus\/los-beneficios-de-contratar-a-un-abogado-especialista-en-accidentes-de-autobus\/","title":{"rendered":"Los beneficios de contratar a un abogado especialista en accidentes de autob\u00fas"},"content":{"rendered":"<div id=\"pl-2456\"  class=\"panel-layout\" ><div id=\"pg-2456-0\"  class=\"panel-grid panel-no-style\" ><div id=\"pgc-2456-0-0\"  class=\"panel-grid-cell\" ><div id=\"panel-2456-0-0-0\" class=\"so-panel widget widget_sow-editor panel-first-child panel-last-child\" data-index=\"0\" ><div class=\"so-widget-sow-editor so-widget-sow-editor-base\">\n<div class=\"siteorigin-widget-tinymce textwidget\">\n\t<p><img loading=\"lazy\" decoding=\"async\" class=\" wp-image-1885 alignright\" src=\"https:\/\/gutierrezinjury.attorney\/wp-content\/uploads\/2019\/06\/bus-accident-public-transportation-300x200.jpg\" sizes=\"auto, (max-width: 300px) 100vw, 300px\" srcset=\"https:\/\/gutierrezinjury.attorney\/wp-content\/uploads\/2019\/06\/bus-accident-public-transportation-300x200.jpg 300w, https:\/\/gutierrezinjury.attorney\/wp-content\/uploads\/2019\/06\/bus-accident-public-transportation-768x512.jpg 768w, https:\/\/gutierrezinjury.attorney\/wp-content\/uploads\/2019\/06\/bus-accident-public-transportation-1024x683.jpg 1024w\" alt=\"\" width=\"263\" height=\"175\" \/>Aunque el transporte p\u00fablico es muy conveniente y barato, para ir de un lugar a otro, los autobuses pueden ser muy peligrosos. Los accidentes de autob\u00fas pueden da\u00f1arlo seriamente debido a su gran tama\u00f1o, peso, y ausencia de sistemas de seguridad como cinturones en los asientos o bolsas de aire. Debido a que, los autobuses son significativamente m\u00e1s grandes que otros veh\u00edculos en el camino, tambi\u00e9n pueden ser m\u00e1s vulnerables, lo que puede causar accidentes m\u00e1s graves.<\/p>\n<p>Adem\u00e1s, los accidentes de autob\u00fas pueden ser extremadamente complejos. Pues varias partes se ven involucradas y determinar qui\u00e9n es el responsable del accidente, nunca es una tarea f\u00e1cil.<\/p>\n<p>Si usted o su ser querido se ha visto envuelto en un accidente con un autob\u00fas, usted necesita ponerse en contacto con uno de nuestros abogados expertos en Accidentes de Autobuses aqu\u00ed en Los \u00c1ngeles, tan pronto como sea posible. Nuestros abogados le dar\u00e1n la asesor\u00eda legal que requiere durante estos momentos tan dif\u00edciles.<\/p>\n<p><strong>Porque usted deber\u00eda de contratar a uno de nuestros abogados expertos en Accidentes de Autobuses aqu\u00ed en Los \u00c1ngeles<\/strong><br \/>\nHay un gran n\u00famero de razones por las que contratar a un abogado lo beneficiar\u00e1. Al contratar a un abogado que conoce y cuenta con la experiencia necesaria, usted estar\u00e1 representado por un equipo de abogados que pelear\u00e1 de su lado para que usted obtenga la justicia e indemnizaci\u00f3n que se merece. Es importante que usted y sus derechos est\u00e9n protegidos, as\u00ed como sus intereses, nuestros abogados har\u00e1n exactamente eso y mucho m\u00e1s.<\/p>\n<p>Los residentes de Los \u00c1ngeles conf\u00edan en nuestro equipo de <strong>abogados expertos en Accidentes de Autobuses,<\/strong> por ello, es sumamente importante para que usted que cuente con nuestra asesor\u00eda. Hay muchos aspectos diferentes en los accidentes de autob\u00fas, tales como lidiar con las compa\u00f1\u00edas aseguradoras, buscar atenci\u00f3n m\u00e9dica, pagar los gastos m\u00e9dicos, reparar los da\u00f1os a la propiedad, la p\u00e9rdida de ingresos, recabar la evidencia disponible, y muchas otras cosas m\u00e1s. Lidiar con las secuelas de un accidente es suficientemente estresantes, es por eso que le recomendamos que contacte a uno de nuestros abogados para que \u00e9l o ella se dedique a los temas legal por usted.<\/p>\n<p>Despu\u00e9s de un accidente, usted deber\u00eda de enfocarse en recuperarse. De esa forma, podemos enfocarnos en las cuestiones legales por usted. Todo lo que le pedimos que se enfoque en su atenci\u00f3n m\u00e9dica, para que se recupere completamente. Mientras, s\u00f3lo tendr\u00e1 que mantenernos al tanto de su recuperaci\u00f3n. Nosotros negociaremos con las compa\u00f1\u00edas de seguros por usted. Tenemos la experiencia y habilidad para obtener las m\u00e1s altas indemnizaciones posibles para nuestros clientes, haciendo que los responsables paguen completamente por las lesiones que ocasionaron.<\/p>\n<p><strong>Formas para determinar la responsabilidad en Accidentes de Autobuses <\/strong><br \/>\nNo es f\u00e1cil determinar la responsabilidad en un accidente de autob\u00fas, pues es una labor intensiva y cuidadosa. Varias personas y\/o pasajeros pueden ser responsables del accidente. Es importante que su abogado obtenga la siguiente informaci\u00f3n:<\/p>\n<ul>\n<li>Nombre completo del conductor y la informaci\u00f3n de contacto<\/li>\n<li>El nombre del propietario del autob\u00fas<\/li>\n<li>Las p\u00f3lizas de seguro de los conductores envueltos en el accidente<\/li>\n<li>La informaci\u00f3n de contacto de los otros conductores<\/li>\n<li>Los nombres e informaci\u00f3n de contacto de posibles testigos, as\u00ed como de otros pasajeros del autob\u00fas o de los pasajeros de otro veh\u00edculo que se haya visto envuelto en el accidente<\/li>\n<li>Informaci\u00f3n acerca de las condiciones del pavimento, se\u00f1ales de tr\u00e1fico, etc.<\/li>\n<\/ul>\n<p><strong>Contacte a uno de los Abogados expertos en Accidentes de Autob\u00fas de aqu\u00ed de Los \u00c1ngeles <\/strong><br \/>\nEn la Firma Legal de Oscar H. Gutierrez, tenemos amplia experiencia en la representaci\u00f3n de v\u00edctimas de casos de Accidentes de Autob\u00fas. Entendemos completamente lo estresante que es para las v\u00edctimas, es por eso que buscamos evitar que sufran m\u00e1s estr\u00e9s por el proceso legal. Sabemos lo que implica demostrar la responsabilidad de las personas que ocasionaron el accidente, para que usted no tenga que pagar nada por sus p\u00e9rdidas.<\/p>\n<p>Adem\u00e1s, le ofrecemos asesor\u00eda gratuita para que usted nos pueda contar c\u00f3mo sucedi\u00f3 el accidente y le podamos dar nuestra opini\u00f3n legal. Trabajamos bajo un contrato de honorarios profesionales basado en contingencia, esto es, que usted s\u00f3lo tendr\u00e1 que pagar nuestros honorarios en caso de que ganemos su caso.<\/p>\n<p>Usted puede confiar en que <strong>nuestros abogados conocedores y expertos en Lesiones Personales de Los \u00c1ngeles <\/strong>obtendr\u00e1n la justicia y el monto m\u00e1ximo de indemnizaci\u00f3n posible para el pago de las p\u00e9rdidas que ha sufrido. Si usted o un ser querido fueron lesionados en un Accidente de Autob\u00fas, no dude en contactarnos. Nosotros somos un equipo de abogados dedicados, experimentados y que entender\u00e1 su situaci\u00f3n, por eso nos necesita de su lado. \u00a1Ll\u00e1menos hoy mismo!<\/p>\n<\/div>\n<\/div><\/div><\/div><\/div><\/div>","protected":false},"excerpt":{"rendered":"<p>Aunque el transporte p\u00fablico es muy conveniente y barato, para ir de un lugar a otro, los autobuses pueden ser muy peligrosos. Los accidentes de autob\u00fas pueden da\u00f1arlo seriamente debido a su gran tama\u00f1o, peso, y ausencia de sistemas de seguridad como cinturones en los asientos o bolsas de aire. Debido a que, los autobuses son significativamente m\u00e1s grandes que otros veh\u00edculos en el camino, tambi\u00e9n pueden ser m\u00e1s vulnerables, lo que puede causar accidentes m\u00e1s graves. Adem\u00e1s, los accidentes de autob\u00fas pueden ser extremadamente complejos. Pues varias partes se ven involucradas y determinar qui\u00e9n es el responsable del accidente, nunca es una tarea f\u00e1cil. Si usted o su ser querido se ha visto envuelto en un accidente con un autob\u00fas, usted necesita ponerse en contacto con uno de nuestros abogados expertos en Accidentes de Autobuses aqu\u00ed en Los \u00c1ngeles, tan pronto como sea posible. Nuestros abogados le dar\u00e1n la asesor\u00eda legal que requiere durante estos momentos tan dif\u00edciles. Porque usted deber\u00eda de contratar a uno de nuestros abogados expertos en Accidentes de Autobuses aqu\u00ed en Los \u00c1ngeles Hay un gran n\u00famero de razones por las que contratar a un abogado lo beneficiar\u00e1. Al contratar a un abogado que conoce y cuenta con la experiencia necesaria, usted estar\u00e1 representado por un equipo de abogados que pelear\u00e1 de su lado para que usted obtenga la justicia e indemnizaci\u00f3n que se merece. Es importante que usted y sus derechos est\u00e9n protegidos, as\u00ed como sus intereses, nuestros abogados har\u00e1n exactamente eso y mucho m\u00e1s. Los residentes de Los \u00c1ngeles conf\u00edan en nuestro equipo de abogados expertos en Accidentes de Autobuses, por ello, es sumamente importante para que usted que cuente con nuestra asesor\u00eda. Hay muchos aspectos diferentes en los accidentes de autob\u00fas, tales como lidiar con las compa\u00f1\u00edas aseguradoras, buscar atenci\u00f3n m\u00e9dica, pagar los gastos m\u00e9dicos, reparar los da\u00f1os a la propiedad, la p\u00e9rdida de ingresos, recabar la evidencia disponible, y muchas otras cosas m\u00e1s. Lidiar con las secuelas de un accidente es suficientemente estresantes, es por eso que le recomendamos que contacte a uno de nuestros abogados para que \u00e9l o ella se dedique a los temas legal por usted. Despu\u00e9s de un accidente, usted deber\u00eda de enfocarse en recuperarse. De esa forma, podemos enfocarnos en las cuestiones legales por usted. Todo lo que le pedimos que se enfoque en su atenci\u00f3n m\u00e9dica, para que se recupere completamente. Mientras, s\u00f3lo tendr\u00e1 que mantenernos al tanto de su recuperaci\u00f3n. Nosotros negociaremos con las compa\u00f1\u00edas de seguros por usted. Tenemos la experiencia y habilidad para obtener las m\u00e1s altas indemnizaciones posibles para nuestros clientes, haciendo que los responsables paguen completamente por las lesiones que ocasionaron. Formas para determinar la responsabilidad en Accidentes de Autobuses No es f\u00e1cil determinar la responsabilidad en un accidente de autob\u00fas, pues es una labor intensiva y cuidadosa. Varias personas y\/o pasajeros pueden ser responsables del accidente. Es importante que su abogado obtenga la siguiente informaci\u00f3n: Nombre completo del conductor y la informaci\u00f3n de contacto El nombre del propietario del autob\u00fas Las p\u00f3lizas de seguro de los conductores envueltos en el accidente La informaci\u00f3n de contacto de los otros conductores [&hellip;]<\/p>\n","protected":false},"author":2,"featured_media":0,"parent":2343,"menu_order":0,"comment_status":"closed","ping_status":"closed","template":"","meta":{"footnotes":""},"class_list":["post-2456","page","type-page","status-publish","hentry"],"yoast_head":"<!-- This site is optimized with the Yoast SEO plugin v16.3 - https:\/\/yoast.com\/wordpress\/plugins\/seo\/ -->\n<title>Los beneficios de contratar a un abogado especialista en accidentes de autob\u00fas - Personal Injury Lawyer Los Angeles<\/title>\n<meta name=\"robots\" content=\"index, follow, max-snippet:-1, max-image-preview:large, max-video-preview:-1\" \/>\n<link rel=\"canonical\" href=\"https:\/\/gutierrezinjury.attorney\/es\/los-accidentes-de-autobus\/los-beneficios-de-contratar-a-un-abogado-especialista-en-accidentes-de-autobus\/\" \/>\n<meta property=\"og:locale\" content=\"es_ES\" \/>\n<meta property=\"og:type\" content=\"article\" \/>\n<meta property=\"og:title\" content=\"Los beneficios de contratar a un abogado especialista en accidentes de autob\u00fas - Personal Injury Lawyer Los Angeles\" \/>\n<meta property=\"og:description\" content=\"Aunque el transporte p\u00fablico es muy conveniente y barato, para ir de un lugar a otro, los autobuses pueden ser muy peligrosos. Los accidentes de autob\u00fas pueden da\u00f1arlo seriamente debido a su gran tama\u00f1o, peso, y ausencia de sistemas de seguridad como cinturones en los asientos o bolsas de aire. Debido a que, los autobuses son significativamente m\u00e1s grandes que otros veh\u00edculos en el camino, tambi\u00e9n pueden ser m\u00e1s vulnerables, lo que puede causar accidentes m\u00e1s graves. Adem\u00e1s, los accidentes de autob\u00fas pueden ser extremadamente complejos. Pues varias partes se ven involucradas y determinar qui\u00e9n es el responsable del accidente, nunca es una tarea f\u00e1cil. Si usted o su ser querido se ha visto envuelto en un accidente con un autob\u00fas, usted necesita ponerse en contacto con uno de nuestros abogados expertos en Accidentes de Autobuses aqu\u00ed en Los \u00c1ngeles, tan pronto como sea posible. Nuestros abogados le dar\u00e1n la asesor\u00eda legal que requiere durante estos momentos tan dif\u00edciles. Porque usted deber\u00eda de contratar a uno de nuestros abogados expertos en Accidentes de Autobuses aqu\u00ed en Los \u00c1ngeles Hay un gran n\u00famero de razones por las que contratar a un abogado lo beneficiar\u00e1. Al contratar a un abogado que conoce y cuenta con la experiencia necesaria, usted estar\u00e1 representado por un equipo de abogados que pelear\u00e1 de su lado para que usted obtenga la justicia e indemnizaci\u00f3n que se merece. Es importante que usted y sus derechos est\u00e9n protegidos, as\u00ed como sus intereses, nuestros abogados har\u00e1n exactamente eso y mucho m\u00e1s. Los residentes de Los \u00c1ngeles conf\u00edan en nuestro equipo de abogados expertos en Accidentes de Autobuses, por ello, es sumamente importante para que usted que cuente con nuestra asesor\u00eda. Hay muchos aspectos diferentes en los accidentes de autob\u00fas, tales como lidiar con las compa\u00f1\u00edas aseguradoras, buscar atenci\u00f3n m\u00e9dica, pagar los gastos m\u00e9dicos, reparar los da\u00f1os a la propiedad, la p\u00e9rdida de ingresos, recabar la evidencia disponible, y muchas otras cosas m\u00e1s. Lidiar con las secuelas de un accidente es suficientemente estresantes, es por eso que le recomendamos que contacte a uno de nuestros abogados para que \u00e9l o ella se dedique a los temas legal por usted. Despu\u00e9s de un accidente, usted deber\u00eda de enfocarse en recuperarse. De esa forma, podemos enfocarnos en las cuestiones legales por usted. Todo lo que le pedimos que se enfoque en su atenci\u00f3n m\u00e9dica, para que se recupere completamente. Mientras, s\u00f3lo tendr\u00e1 que mantenernos al tanto de su recuperaci\u00f3n. Nosotros negociaremos con las compa\u00f1\u00edas de seguros por usted. Tenemos la experiencia y habilidad para obtener las m\u00e1s altas indemnizaciones posibles para nuestros clientes, haciendo que los responsables paguen completamente por las lesiones que ocasionaron. Formas para determinar la responsabilidad en Accidentes de Autobuses No es f\u00e1cil determinar la responsabilidad en un accidente de autob\u00fas, pues es una labor intensiva y cuidadosa. Varias personas y\/o pasajeros pueden ser responsables del accidente. Es importante que su abogado obtenga la siguiente informaci\u00f3n: Nombre completo del conductor y la informaci\u00f3n de contacto El nombre del propietario del autob\u00fas Las p\u00f3lizas de seguro de los conductores envueltos en el accidente La informaci\u00f3n de contacto de los otros conductores [&hellip;]\" \/>\n<meta property=\"og:url\" content=\"https:\/\/gutierrezinjury.attorney\/es\/los-accidentes-de-autobus\/los-beneficios-de-contratar-a-un-abogado-especialista-en-accidentes-de-autobus\/\" \/>\n<meta property=\"og:site_name\" content=\"Personal Injury Lawyer Los Angeles\" \/>\n<meta property=\"article:modified_time\" content=\"2020-09-07T13:30:13+00:00\" \/>\n<meta property=\"og:image\" content=\"https:\/\/gutierrezinjury.attorney\/wp-content\/uploads\/2019\/06\/bus-accident-public-transportation-300x200.jpg\" \/>\n<meta name=\"twitter:card\" content=\"summary_large_image\" \/>\n<meta name=\"twitter:label1\" content=\"Tiempo de lectura\">\n\t<meta name=\"twitter:data1\" content=\"4 minutos\">\n<script type=\"application\/ld+json\" class=\"yoast-schema-graph\">{\"@context\":\"https:\/\/schema.org\",\"@graph\":[{\"@type\":\"WebSite\",\"@id\":\"https:\/\/gutierrezinjury.attorney\/#website\",\"url\":\"https:\/\/gutierrezinjury.attorney\/\",\"name\":\"Personal Injury Lawyer Los Angeles\",\"description\":\"How to File Personal Injury Claim\",\"potentialAction\":[{\"@type\":\"SearchAction\",\"target\":\"https:\/\/gutierrezinjury.attorney\/?s={search_term_string}\",\"query-input\":\"required name=search_term_string\"}],\"inLanguage\":\"es\"},{\"@type\":\"ImageObject\",\"@id\":\"https:\/\/gutierrezinjury.attorney\/es\/los-accidentes-de-autobus\/los-beneficios-de-contratar-a-un-abogado-especialista-en-accidentes-de-autobus\/#primaryimage\",\"inLanguage\":\"es\",\"url\":\"https:\/\/gutierrezinjury.attorney\/wp-content\/uploads\/2019\/06\/bus-accident-public-transportation.jpg\",\"contentUrl\":\"https:\/\/gutierrezinjury.attorney\/wp-content\/uploads\/2019\/06\/bus-accident-public-transportation.jpg\",\"width\":1728,\"height\":1152,\"caption\":\"\"},{\"@type\":\"WebPage\",\"@id\":\"https:\/\/gutierrezinjury.attorney\/es\/los-accidentes-de-autobus\/los-beneficios-de-contratar-a-un-abogado-especialista-en-accidentes-de-autobus\/#webpage\",\"url\":\"https:\/\/gutierrezinjury.attorney\/es\/los-accidentes-de-autobus\/los-beneficios-de-contratar-a-un-abogado-especialista-en-accidentes-de-autobus\/\",\"name\":\"Los beneficios de contratar a un abogado especialista en accidentes de autob\\u00fas - Personal Injury Lawyer Los Angeles\",\"isPartOf\":{\"@id\":\"https:\/\/gutierrezinjury.attorney\/#website\"},\"primaryImageOfPage\":{\"@id\":\"https:\/\/gutierrezinjury.attorney\/es\/los-accidentes-de-autobus\/los-beneficios-de-contratar-a-un-abogado-especialista-en-accidentes-de-autobus\/#primaryimage\"},\"datePublished\":\"2019-06-28T08:09:46+00:00\",\"dateModified\":\"2020-09-07T13:30:13+00:00\",\"breadcrumb\":{\"@id\":\"https:\/\/gutierrezinjury.attorney\/es\/los-accidentes-de-autobus\/los-beneficios-de-contratar-a-un-abogado-especialista-en-accidentes-de-autobus\/#breadcrumb\"},\"inLanguage\":\"es\",\"potentialAction\":[{\"@type\":\"ReadAction\",\"target\":[\"https:\/\/gutierrezinjury.attorney\/es\/los-accidentes-de-autobus\/los-beneficios-de-contratar-a-un-abogado-especialista-en-accidentes-de-autobus\/\"]}]},{\"@type\":\"BreadcrumbList\",\"@id\":\"https:\/\/gutierrezinjury.attorney\/es\/los-accidentes-de-autobus\/los-beneficios-de-contratar-a-un-abogado-especialista-en-accidentes-de-autobus\/#breadcrumb\",\"itemListElement\":[{\"@type\":\"ListItem\",\"position\":1,\"item\":{\"@type\":\"WebPage\",\"@id\":\"https:\/\/gutierrezinjury.attorney\/es\/\",\"url\":\"https:\/\/gutierrezinjury.attorney\/es\/\",\"name\":\"Home\"}},{\"@type\":\"ListItem\",\"position\":2,\"item\":{\"@type\":\"WebPage\",\"@id\":\"https:\/\/gutierrezinjury.attorney\/es\/los-accidentes-de-autobus\/\",\"url\":\"https:\/\/gutierrezinjury.attorney\/es\/los-accidentes-de-autobus\/\",\"name\":\"\\u00bfC\\u00d3MO PROBAMOS LA RESPONSABILIDAD EN LOS ACCIDENTES DE AUTOB\\u00daS?\"}},{\"@type\":\"ListItem\",\"position\":3,\"item\":{\"@id\":\"https:\/\/gutierrezinjury.attorney\/es\/los-accidentes-de-autobus\/los-beneficios-de-contratar-a-un-abogado-especialista-en-accidentes-de-autobus\/#webpage\"}}]}]}<\/script>\n<!-- \/ Yoast SEO plugin. -->","_links":{"self":[{"href":"https:\/\/gutierrezinjury.attorney\/es\/wp-json\/wp\/v2\/pages\/2456","targetHints":{"allow":["GET"]}}],"collection":[{"href":"https:\/\/gutierrezinjury.attorney\/es\/wp-json\/wp\/v2\/pages"}],"about":[{"href":"https:\/\/gutierrezinjury.attorney\/es\/wp-json\/wp\/v2\/types\/page"}],"author":[{"embeddable":true,"href":"https:\/\/gutierrezinjury.attorney\/es\/wp-json\/wp\/v2\/users\/2"}],"replies":[{"embeddable":true,"href":"https:\/\/gutierrezinjury.attorney\/es\/wp-json\/wp\/v2\/comments?post=2456"}],"version-history":[{"count":0,"href":"https:\/\/gutierrezinjury.attorney\/es\/wp-json\/wp\/v2\/pages\/2456\/revisions"}],"up":[{"embeddable":true,"href":"https:\/\/gutierrezinjury.attorney\/es\/wp-json\/wp\/v2\/pages\/2343"}],"wp:attachment":[{"href":"https:\/\/gutierrezinjury.attorney\/es\/wp-json\/wp\/v2\/media?parent=2456"}],"curies":[{"name":"wp","href":"https:\/\/api.w.org\/{rel}","templated":true}]}}