{"id":2454,"date":"2020-01-30T10:53:23","date_gmt":"2020-01-30T10:53:23","guid":{"rendered":"https:\/\/gutierrezinjury.attorney\/los-accidentes-de-autobus\/school-bus-accident-lawyer-los-angeles\/"},"modified":"2020-09-07T13:26:40","modified_gmt":"2020-09-07T13:26:40","slug":"abogados-especialistas-en-accidentes-escolares-en-los-angeles","status":"publish","type":"page","link":"https:\/\/gutierrezinjury.attorney\/es\/los-accidentes-de-autobus\/abogados-especialistas-en-accidentes-escolares-en-los-angeles\/","title":{"rendered":"ABOGADOS ESPECIALISTAS EN ACCIDENTES ESCOLARES EN LOS \u00c1NGELES"},"content":{"rendered":"<div id=\"pl-2454\"  class=\"panel-layout\" ><div id=\"pg-2454-0\"  class=\"panel-grid panel-no-style\" ><div id=\"pgc-2454-0-0\"  class=\"panel-grid-cell\" ><div id=\"panel-2454-0-0-0\" class=\"so-panel widget widget_sow-editor panel-first-child panel-last-child\" data-index=\"0\" ><div class=\"so-widget-sow-editor so-widget-sow-editor-base\">\n<div class=\"siteorigin-widget-tinymce textwidget\">\n\t<p><img loading=\"lazy\" decoding=\"async\" class=\"size-medium wp-image-2123 alignright\" src=\"https:\/\/gutierrezinjury.attorney\/wp-content\/uploads\/2020\/01\/d114eb3a-bf7c-4e37-bf9f-8c90d7fff031_750x422-300x169.jpg\" alt=\"\" width=\"300\" height=\"169\" srcset=\"https:\/\/gutierrezinjury.attorney\/wp-content\/uploads\/2020\/01\/d114eb3a-bf7c-4e37-bf9f-8c90d7fff031_750x422-300x169.jpg 300w, https:\/\/gutierrezinjury.attorney\/wp-content\/uploads\/2020\/01\/d114eb3a-bf7c-4e37-bf9f-8c90d7fff031_750x422.jpg 750w\" sizes=\"auto, (max-width: 300px) 100vw, 300px\" \/>Los camiones amarillos de la escuela siempre traen buenos recuerdos, independientemente del peligro que impliquen y los accidentes que pueden causar. Estos autobuses transportan millones de ni\u00f1os y maestros diariamente, usualmente sin ning\u00fan tipo de incidente, por eso, cualquier persona conf\u00eda en esos autobuses sin ninguna duda.<\/p>\n<p>Cualquier abogado de Los \u00c1ngeles que se especialice en Accidentes de Autobuses sabe que los autobuses escolares provocan miles de lesiones y cientos de muertes cada a\u00f1o. En California, las v\u00edctimas o sus familiares, si estas fallecieron, tienen serias complicaciones con las compa\u00f1\u00edas aseguradoras para acordar el monto de la indemnizaci\u00f3n por los da\u00f1os causados por el accidente. Por lo que, es muy importante que usted busque la ayuda de uno de nuestros abogados de Los \u00c1ngeles especialistas en Accidentes de Autobuses.<\/p>\n<p><strong>Las causas m\u00e1s comunes de un Accidente de Autob\u00fas<\/strong><br \/>\n<strong>Defectos mec\u00e1nicos o de fabricaci\u00f3n:<\/strong>S\u00ed hay una falla en la producci\u00f3n del autob\u00fas por parte del fabricante que provoca que no cumpla con los est\u00e1ndares de seguridad y operaci\u00f3n requeridos.<\/p>\n<p><strong>Negligencia: <\/strong>Las compa\u00f1\u00edas privadas de renta de autobuses o los due\u00f1os de los autobuses no llevan a cabo el mantenimiento del autob\u00fas.<\/p>\n<p><strong>Mala conducci\u00f3n o conductores cansados: <\/strong>Los conductores de autobuses escolares son sometidos a una revisi\u00f3n de sus antecedentes y se espera que desempe\u00f1en sus funciones, a los altos est\u00e1ndares de calidad de la empresa, pero pueden cometer errores.<\/p>\n<p><strong>Discapacidad del conductor: <\/strong>Es muy raro, pero ha habido conductores de autob\u00fas que han sido descubiertos que est\u00e1n intoxicados antes de manejar o que han estado usando sustancias prohibidas durante su horario laboral.<\/p>\n<p><strong>Exceso de pasajeros y falta de personal:<\/strong> los autobuses escolares no siempre cuentan con los asientos adecuados, los cinturones de seguridad necesarios, o con los choferes de autob\u00fas adecuados. En algunos casos el personal de la escuela no obliga a los alumnos a utilizar los asientos y cinturones de seguridad.<\/p>\n<p><strong>Condiciones del tr\u00e1fico y climatol\u00f3gicas: <\/strong>para<strong> nuestros abogados expertos en Accidentes de Autob\u00fas,<\/strong> el tr\u00e1fico los conductores de Los \u00c1ngeles se mantienen como una de las principales razones por las que ocurren los accidentes de autob\u00fas.<\/p>\n<p><strong>\u00bfQu\u00e9 debemos hacer despu\u00e9s de un Accidente de Autob\u00fas? <\/strong><br \/>\nCuando usted est\u00e1 envuelto en un accidente de autob\u00fas y para poder obtener justicia, requiere contar con la ayuda que uno de<strong> nuestros abogados de Los \u00c1ngeles, experto en Lesiones Personales.<\/strong><\/p>\n<p>El miedo es la primera reacci\u00f3n cuando usted se entera que hubo un accidente en un autob\u00fas escolar. Cuando usted sabe que su hijo o su ser querido est\u00e1 a salvo, usted puede estar confundido y enojado. Lo siguiente, usted quiere respuestas a sus preguntas y encontrar ayuda, pero es un proceso complicado.<\/p>\n<p>Si hubo p\u00e9rdidas humanas, la situaci\u00f3n es a\u00fan m\u00e1s compleja.<\/p>\n<p>El contratar a uno de nuestros abogados de Los \u00c1ngeles, experto en Accidentes de Autobuses le servir\u00e1 durante su proceso de sanaci\u00f3n o recuperaci\u00f3n. Tenemos la experiencia en negociaci\u00f3n y litigio para acelerar el proceso y evitar retrasos innecesarios en la obtenci\u00f3n de su indemnizaci\u00f3n. Estamos felices de asesorarlo y evaluar su caso de forma gratuita.<\/p>\n<p><strong>\u00bfC\u00f3mo puede ayudarlo un abogado especialista en Lesiones Personales?<\/strong><br \/>\nLa poblaci\u00f3n y el gran n\u00famero de accidentes en la ciudad hacen que nuestros abogados de Los \u00c1ngeles especialistas en Accidentes de Autob\u00fas y Lesiones Personales sean su opci\u00f3n n\u00famero uno. Estos incidentes son muy serios y requieren una combinaci\u00f3n de experiencia y conocimientos para que al demandar al responsable por las lesiones personales sufridas o por la muerte de alguien se puedademostrar la responsabilidad de los culpables.Elija correctamente a la firma legal que lo va a representar, para que pueda demostrar que los responsables se condujeron negligentemente, hab\u00eda defectos en el autob\u00fas o la mala conducci\u00f3n fueron las causas que provocaron sus lesiones.<\/p>\n<p>Aun cuando el conductor del autob\u00fas es responsable del accidente, puede que no sea tan simple el demandar al conductor. El patr\u00f3n de \u00e9ste, seguramente contratar\u00e1 una p\u00f3liza de seguro para protegerlo y pagar\u00e1 por la representaci\u00f3n legal para defender al conductor.<\/p>\n<p>Algunas veces los gobiernos locales o estatales son due\u00f1os de los autobuses escolares. Por lo que, el gobierno debe formar parte de la demanda. Las v\u00edctimas se enfrentar\u00e1n a la burocracia, para poder recibir la indemnizaci\u00f3n que merecen.<\/p>\n<p>Una tercera persona tambi\u00e9n puede ser parte del accidente. Debido a que iba distra\u00eddo o porque un conductor borracho invadi\u00f3 un carril. Los carros son uno de los principales motivos por los que los autobuses escolares chocan. Es por ello que es muy importante contratar a un buen abogado para obtener la indemnizaci\u00f3n que se merece.<\/p>\n<p>De acuerdo con los datos de la Administraci\u00f3n Nacional de Seguridad en las Carreteras (NHTSA por sus siglas en ingl\u00e9s), la mayor\u00eda de los accidentes fatales de autobuses escolares suceden a las personas que no est\u00e1n en el autob\u00fas.<\/p>\n<p>Otras personas con las que los autobuses chocan son:<\/p>\n<ul>\n<li>Peatones<\/li>\n<li>Ciclistas<\/li>\n<li>Menores de edad que est\u00e1n abordando o descendiendo de un autob\u00fas en movimiento<\/li>\n<\/ul>\n<p>Si podemos representarlo y pelear en su caso, nosotros negociaremos con las compa\u00f1\u00edas aseguradoras para que obtenga una indemnizaci\u00f3n justa. Las compa\u00f1\u00edas de autobuses escolares o los gobiernos tambi\u00e9n pelearan en la demanda presentada, por eso, es importante contar con un abogado de su lado. Nunca acepte la primera oferta de indemnizaci\u00f3n realizada por las compa\u00f1\u00edas aseguradoras. Trataran de darle la menor cantidad posible, a pesar de que tenga que pagar por los gastos m\u00e9dicos y los da\u00f1os sufridos.<\/p>\n<p>Nuestros abogados saben c\u00f3mo realizar una investigaci\u00f3n para determinar si existi\u00f3 un defecto en el autob\u00fas y s\u00ed esa fue la causadel accidente, en ese caso usted podr\u00e1 demandar a los fabricantes. La mayor\u00eda de v\u00edctimas, desconoce esta posibilidad.<\/p>\n<p>Los siguientes son los elementos de prueba necesarios para su caso:<\/p>\n<ul>\n<li>An\u00e1lisis de los reportes de polic\u00eda<\/li>\n<li>Las entrevistas de los testigos<\/li>\n<li>Las conclusiones de los peritos en accidentes<\/li>\n<li>Los reportes m\u00e9dicos<\/li>\n<li>Los gastos del transporte de emergencia<\/li>\n<li>El gasto actual del tratamiento m\u00e9dico<\/li>\n<li>Estimaci\u00f3n del costo del tratamiento m\u00e9dico futuro y los gastos m\u00e9dicos futuros<\/li>\n<li>Negociaci\u00f3n por la p\u00e9rdida de ingresos presentes y futuros, en casos de discapacidad permanente<\/li>\n<\/ul>\n<p>Si su hijo fue lesionado en un accidente de autob\u00fas, no dude en llamarnos. Sabemos cu\u00e1les son sus derechos. Adquiera los servicios legales de uno de los mejores abogados en Lesiones Personales aqu\u00ed en Los \u00c1ngeles, la comunidad y nuestros clientes avalan nuestro trabajo, pues saben que tenemos los conocimientos suficientes en las leyes estatales y locales para ganar su caso.<\/p>\n<\/div>\n<\/div><\/div><\/div><\/div><\/div>","protected":false},"excerpt":{"rendered":"<p>Los camiones amarillos de la escuela siempre traen buenos recuerdos, independientemente del peligro que impliquen y los accidentes que pueden causar. Estos autobuses transportan millones de ni\u00f1os y maestros diariamente, usualmente sin ning\u00fan tipo de incidente, por eso, cualquier persona conf\u00eda en esos autobuses sin ninguna duda. Cualquier abogado de Los \u00c1ngeles que se especialice en Accidentes de Autobuses sabe que los autobuses escolares provocan miles de lesiones y cientos de muertes cada a\u00f1o. En California, las v\u00edctimas o sus familiares, si estas fallecieron, tienen serias complicaciones con las compa\u00f1\u00edas aseguradoras para acordar el monto de la indemnizaci\u00f3n por los da\u00f1os causados por el accidente. Por lo que, es muy importante que usted busque la ayuda de uno de nuestros abogados de Los \u00c1ngeles especialistas en Accidentes de Autobuses. Las causas m\u00e1s comunes de un Accidente de Autob\u00fas Defectos mec\u00e1nicos o de fabricaci\u00f3n:S\u00ed hay una falla en la producci\u00f3n del autob\u00fas por parte del fabricante que provoca que no cumpla con los est\u00e1ndares de seguridad y operaci\u00f3n requeridos. Negligencia: Las compa\u00f1\u00edas privadas de renta de autobuses o los due\u00f1os de los autobuses no llevan a cabo el mantenimiento del autob\u00fas. Mala conducci\u00f3n o conductores cansados: Los conductores de autobuses escolares son sometidos a una revisi\u00f3n de sus antecedentes y se espera que desempe\u00f1en sus funciones, a los altos est\u00e1ndares de calidad de la empresa, pero pueden cometer errores. Discapacidad del conductor: Es muy raro, pero ha habido conductores de autob\u00fas que han sido descubiertos que est\u00e1n intoxicados antes de manejar o que han estado usando sustancias prohibidas durante su horario laboral. Exceso de pasajeros y falta de personal: los autobuses escolares no siempre cuentan con los asientos adecuados, los cinturones de seguridad necesarios, o con los choferes de autob\u00fas adecuados. En algunos casos el personal de la escuela no obliga a los alumnos a utilizar los asientos y cinturones de seguridad. Condiciones del tr\u00e1fico y climatol\u00f3gicas: para nuestros abogados expertos en Accidentes de Autob\u00fas, el tr\u00e1fico los conductores de Los \u00c1ngeles se mantienen como una de las principales razones por las que ocurren los accidentes de autob\u00fas. \u00bfQu\u00e9 debemos hacer despu\u00e9s de un Accidente de Autob\u00fas? Cuando usted est\u00e1 envuelto en un accidente de autob\u00fas y para poder obtener justicia, requiere contar con la ayuda que uno de nuestros abogados de Los \u00c1ngeles, experto en Lesiones Personales. El miedo es la primera reacci\u00f3n cuando usted se entera que hubo un accidente en un autob\u00fas escolar. Cuando usted sabe que su hijo o su ser querido est\u00e1 a salvo, usted puede estar confundido y enojado. Lo siguiente, usted quiere respuestas a sus preguntas y encontrar ayuda, pero es un proceso complicado. Si hubo p\u00e9rdidas humanas, la situaci\u00f3n es a\u00fan m\u00e1s compleja. El contratar a uno de nuestros abogados de Los \u00c1ngeles, experto en Accidentes de Autobuses le servir\u00e1 durante su proceso de sanaci\u00f3n o recuperaci\u00f3n. Tenemos la experiencia en negociaci\u00f3n y litigio para acelerar el proceso y evitar retrasos innecesarios en la obtenci\u00f3n de su indemnizaci\u00f3n. Estamos felices de asesorarlo y evaluar su caso de forma gratuita. \u00bfC\u00f3mo puede ayudarlo un abogado especialista en Lesiones Personales? La poblaci\u00f3n y el gran [&hellip;]<\/p>\n","protected":false},"author":2,"featured_media":0,"parent":2343,"menu_order":0,"comment_status":"closed","ping_status":"closed","template":"","meta":{"footnotes":""},"class_list":["post-2454","page","type-page","status-publish","hentry"],"yoast_head":"<!-- This site is optimized with the Yoast SEO plugin v16.3 - https:\/\/yoast.com\/wordpress\/plugins\/seo\/ -->\n<title>ABOGADOS ESPECIALISTAS EN ACCIDENTES ESCOLARES EN LOS \u00c1NGELES - Personal Injury Lawyer Los Angeles<\/title>\n<meta name=\"robots\" content=\"index, follow, max-snippet:-1, max-image-preview:large, max-video-preview:-1\" \/>\n<link rel=\"canonical\" href=\"https:\/\/gutierrezinjury.attorney\/es\/los-accidentes-de-autobus\/abogados-especialistas-en-accidentes-escolares-en-los-angeles\/\" \/>\n<meta property=\"og:locale\" content=\"es_ES\" \/>\n<meta property=\"og:type\" content=\"article\" \/>\n<meta property=\"og:title\" content=\"ABOGADOS ESPECIALISTAS EN ACCIDENTES ESCOLARES EN LOS \u00c1NGELES - Personal Injury Lawyer Los Angeles\" \/>\n<meta property=\"og:description\" content=\"Los camiones amarillos de la escuela siempre traen buenos recuerdos, independientemente del peligro que impliquen y los accidentes que pueden causar. Estos autobuses transportan millones de ni\u00f1os y maestros diariamente, usualmente sin ning\u00fan tipo de incidente, por eso, cualquier persona conf\u00eda en esos autobuses sin ninguna duda. Cualquier abogado de Los \u00c1ngeles que se especialice en Accidentes de Autobuses sabe que los autobuses escolares provocan miles de lesiones y cientos de muertes cada a\u00f1o. En California, las v\u00edctimas o sus familiares, si estas fallecieron, tienen serias complicaciones con las compa\u00f1\u00edas aseguradoras para acordar el monto de la indemnizaci\u00f3n por los da\u00f1os causados por el accidente. Por lo que, es muy importante que usted busque la ayuda de uno de nuestros abogados de Los \u00c1ngeles especialistas en Accidentes de Autobuses. Las causas m\u00e1s comunes de un Accidente de Autob\u00fas Defectos mec\u00e1nicos o de fabricaci\u00f3n:S\u00ed hay una falla en la producci\u00f3n del autob\u00fas por parte del fabricante que provoca que no cumpla con los est\u00e1ndares de seguridad y operaci\u00f3n requeridos. Negligencia: Las compa\u00f1\u00edas privadas de renta de autobuses o los due\u00f1os de los autobuses no llevan a cabo el mantenimiento del autob\u00fas. Mala conducci\u00f3n o conductores cansados: Los conductores de autobuses escolares son sometidos a una revisi\u00f3n de sus antecedentes y se espera que desempe\u00f1en sus funciones, a los altos est\u00e1ndares de calidad de la empresa, pero pueden cometer errores. Discapacidad del conductor: Es muy raro, pero ha habido conductores de autob\u00fas que han sido descubiertos que est\u00e1n intoxicados antes de manejar o que han estado usando sustancias prohibidas durante su horario laboral. Exceso de pasajeros y falta de personal: los autobuses escolares no siempre cuentan con los asientos adecuados, los cinturones de seguridad necesarios, o con los choferes de autob\u00fas adecuados. En algunos casos el personal de la escuela no obliga a los alumnos a utilizar los asientos y cinturones de seguridad. Condiciones del tr\u00e1fico y climatol\u00f3gicas: para nuestros abogados expertos en Accidentes de Autob\u00fas, el tr\u00e1fico los conductores de Los \u00c1ngeles se mantienen como una de las principales razones por las que ocurren los accidentes de autob\u00fas. \u00bfQu\u00e9 debemos hacer despu\u00e9s de un Accidente de Autob\u00fas? Cuando usted est\u00e1 envuelto en un accidente de autob\u00fas y para poder obtener justicia, requiere contar con la ayuda que uno de nuestros abogados de Los \u00c1ngeles, experto en Lesiones Personales. El miedo es la primera reacci\u00f3n cuando usted se entera que hubo un accidente en un autob\u00fas escolar. Cuando usted sabe que su hijo o su ser querido est\u00e1 a salvo, usted puede estar confundido y enojado. Lo siguiente, usted quiere respuestas a sus preguntas y encontrar ayuda, pero es un proceso complicado. Si hubo p\u00e9rdidas humanas, la situaci\u00f3n es a\u00fan m\u00e1s compleja. El contratar a uno de nuestros abogados de Los \u00c1ngeles, experto en Accidentes de Autobuses le servir\u00e1 durante su proceso de sanaci\u00f3n o recuperaci\u00f3n. Tenemos la experiencia en negociaci\u00f3n y litigio para acelerar el proceso y evitar retrasos innecesarios en la obtenci\u00f3n de su indemnizaci\u00f3n. Estamos felices de asesorarlo y evaluar su caso de forma gratuita. \u00bfC\u00f3mo puede ayudarlo un abogado especialista en Lesiones Personales? La poblaci\u00f3n y el gran [&hellip;]\" \/>\n<meta property=\"og:url\" content=\"https:\/\/gutierrezinjury.attorney\/es\/los-accidentes-de-autobus\/abogados-especialistas-en-accidentes-escolares-en-los-angeles\/\" \/>\n<meta property=\"og:site_name\" content=\"Personal Injury Lawyer Los Angeles\" \/>\n<meta property=\"article:modified_time\" content=\"2020-09-07T13:26:40+00:00\" \/>\n<meta property=\"og:image\" content=\"https:\/\/gutierrezinjury.attorney\/wp-content\/uploads\/2020\/01\/d114eb3a-bf7c-4e37-bf9f-8c90d7fff031_750x422-300x169.jpg\" \/>\n<meta name=\"twitter:card\" content=\"summary_large_image\" \/>\n<meta name=\"twitter:label1\" content=\"Tiempo de lectura\">\n\t<meta name=\"twitter:data1\" content=\"6 minutos\">\n<script type=\"application\/ld+json\" class=\"yoast-schema-graph\">{\"@context\":\"https:\/\/schema.org\",\"@graph\":[{\"@type\":\"WebSite\",\"@id\":\"https:\/\/gutierrezinjury.attorney\/#website\",\"url\":\"https:\/\/gutierrezinjury.attorney\/\",\"name\":\"Personal Injury Lawyer Los Angeles\",\"description\":\"How to File Personal Injury Claim\",\"potentialAction\":[{\"@type\":\"SearchAction\",\"target\":\"https:\/\/gutierrezinjury.attorney\/?s={search_term_string}\",\"query-input\":\"required name=search_term_string\"}],\"inLanguage\":\"es\"},{\"@type\":\"ImageObject\",\"@id\":\"https:\/\/gutierrezinjury.attorney\/es\/los-accidentes-de-autobus\/abogados-especialistas-en-accidentes-escolares-en-los-angeles\/#primaryimage\",\"inLanguage\":\"es\",\"url\":\"https:\/\/gutierrezinjury.attorney\/wp-content\/uploads\/2020\/01\/d114eb3a-bf7c-4e37-bf9f-8c90d7fff031_750x422.jpg\",\"contentUrl\":\"https:\/\/gutierrezinjury.attorney\/wp-content\/uploads\/2020\/01\/d114eb3a-bf7c-4e37-bf9f-8c90d7fff031_750x422.jpg\",\"width\":750,\"height\":422},{\"@type\":\"WebPage\",\"@id\":\"https:\/\/gutierrezinjury.attorney\/es\/los-accidentes-de-autobus\/abogados-especialistas-en-accidentes-escolares-en-los-angeles\/#webpage\",\"url\":\"https:\/\/gutierrezinjury.attorney\/es\/los-accidentes-de-autobus\/abogados-especialistas-en-accidentes-escolares-en-los-angeles\/\",\"name\":\"ABOGADOS ESPECIALISTAS EN ACCIDENTES ESCOLARES EN LOS \\u00c1NGELES - Personal Injury Lawyer Los Angeles\",\"isPartOf\":{\"@id\":\"https:\/\/gutierrezinjury.attorney\/#website\"},\"primaryImageOfPage\":{\"@id\":\"https:\/\/gutierrezinjury.attorney\/es\/los-accidentes-de-autobus\/abogados-especialistas-en-accidentes-escolares-en-los-angeles\/#primaryimage\"},\"datePublished\":\"2020-01-30T10:53:23+00:00\",\"dateModified\":\"2020-09-07T13:26:40+00:00\",\"breadcrumb\":{\"@id\":\"https:\/\/gutierrezinjury.attorney\/es\/los-accidentes-de-autobus\/abogados-especialistas-en-accidentes-escolares-en-los-angeles\/#breadcrumb\"},\"inLanguage\":\"es\",\"potentialAction\":[{\"@type\":\"ReadAction\",\"target\":[\"https:\/\/gutierrezinjury.attorney\/es\/los-accidentes-de-autobus\/abogados-especialistas-en-accidentes-escolares-en-los-angeles\/\"]}]},{\"@type\":\"BreadcrumbList\",\"@id\":\"https:\/\/gutierrezinjury.attorney\/es\/los-accidentes-de-autobus\/abogados-especialistas-en-accidentes-escolares-en-los-angeles\/#breadcrumb\",\"itemListElement\":[{\"@type\":\"ListItem\",\"position\":1,\"item\":{\"@type\":\"WebPage\",\"@id\":\"https:\/\/gutierrezinjury.attorney\/es\/\",\"url\":\"https:\/\/gutierrezinjury.attorney\/es\/\",\"name\":\"Home\"}},{\"@type\":\"ListItem\",\"position\":2,\"item\":{\"@type\":\"WebPage\",\"@id\":\"https:\/\/gutierrezinjury.attorney\/es\/los-accidentes-de-autobus\/\",\"url\":\"https:\/\/gutierrezinjury.attorney\/es\/los-accidentes-de-autobus\/\",\"name\":\"\\u00bfC\\u00d3MO PROBAMOS LA RESPONSABILIDAD EN LOS ACCIDENTES DE AUTOB\\u00daS?\"}},{\"@type\":\"ListItem\",\"position\":3,\"item\":{\"@id\":\"https:\/\/gutierrezinjury.attorney\/es\/los-accidentes-de-autobus\/abogados-especialistas-en-accidentes-escolares-en-los-angeles\/#webpage\"}}]}]}<\/script>\n<!-- \/ Yoast SEO plugin. -->","_links":{"self":[{"href":"https:\/\/gutierrezinjury.attorney\/es\/wp-json\/wp\/v2\/pages\/2454","targetHints":{"allow":["GET"]}}],"collection":[{"href":"https:\/\/gutierrezinjury.attorney\/es\/wp-json\/wp\/v2\/pages"}],"about":[{"href":"https:\/\/gutierrezinjury.attorney\/es\/wp-json\/wp\/v2\/types\/page"}],"author":[{"embeddable":true,"href":"https:\/\/gutierrezinjury.attorney\/es\/wp-json\/wp\/v2\/users\/2"}],"replies":[{"embeddable":true,"href":"https:\/\/gutierrezinjury.attorney\/es\/wp-json\/wp\/v2\/comments?post=2454"}],"version-history":[{"count":0,"href":"https:\/\/gutierrezinjury.attorney\/es\/wp-json\/wp\/v2\/pages\/2454\/revisions"}],"up":[{"embeddable":true,"href":"https:\/\/gutierrezinjury.attorney\/es\/wp-json\/wp\/v2\/pages\/2343"}],"wp:attachment":[{"href":"https:\/\/gutierrezinjury.attorney\/es\/wp-json\/wp\/v2\/media?parent=2454"}],"curies":[{"name":"wp","href":"https:\/\/api.w.org\/{rel}","templated":true}]}}