{"id":2413,"date":"2019-11-23T06:15:28","date_gmt":"2019-11-23T06:15:28","guid":{"rendered":"https:\/\/gutierrezinjury.attorney\/accidentes-en-motocicleta\/motorcycle-safety\/"},"modified":"2020-09-07T12:28:33","modified_gmt":"2020-09-07T12:28:33","slug":"medidas-de-seguridad-en-las-motocicletas","status":"publish","type":"page","link":"https:\/\/gutierrezinjury.attorney\/es\/accidentes-en-motocicleta\/medidas-de-seguridad-en-las-motocicletas\/","title":{"rendered":"MEDIDAS DE SEGURIDAD EN LAS MOTOCICLETAS"},"content":{"rendered":"<div id=\"pl-2413\"  class=\"panel-layout\" ><div id=\"pg-2413-0\"  class=\"panel-grid panel-no-style\" ><div id=\"pgc-2413-0-0\"  class=\"panel-grid-cell\" ><div id=\"panel-2413-0-0-0\" class=\"so-panel widget widget_sow-editor panel-first-child panel-last-child\" data-index=\"0\" ><div class=\"so-widget-sow-editor so-widget-sow-editor-base\">\n<div class=\"siteorigin-widget-tinymce textwidget\">\n\t<p>Los \u00c1ngeles es uno de los mejores lugares para andar en motocicleta. Una de las grandes ventajas de manejar su motocicleta es la facilidad con la que se puede evitar el tr\u00e1fico y encontrar lugares de estacionamiento. La desventaja es lo desprotegido que se encuentra en caso de un choque.<\/p>\n<p>Algunos motociclistas salen sin serias lesiones de un accidente. Ya sea porque chocaron con otro veh\u00edculo, o se cayeron de su motocicleta debido a la conducci\u00f3n err\u00e1tica, irresponsable o ilegal de otro conductor, es muy probable que el motociclista termine en un hospital. Es por ello, que se deben de tomar todas las precauciones para evitar que ocurra un accidente.<\/p>\n<p><strong>Los mejores consejos de seguridad para motociclistas<\/strong><br \/>\nLes presentamos algunos de los h\u00e1bitos y pr\u00e1cticas que lo ayudar\u00e1n a evitar un accidente:<\/p>\n<ol>\n<li><strong>Obtenga su licencia<\/strong><br \/>\nTodos los estados requieren que los motociclistas cuenten con licencia para conducir una motocicleta. Usted debe de hacer y pasar el examen para obtener su licencia de motociclista, aun cuando usted tenga una licencia de automovilista. En la mayor\u00eda de los estados, el examen consiste en una parte escrita y en una parte pr\u00e1ctica. Puede que usted necesite tomar un curso de seguridad y educaci\u00f3n para el conductor. Por ello, usted debe de conocer cu\u00e1les son los requisitos de su estado antes de empezar a manejar.<\/li>\n<li><strong>Conozca el manejo de su motocicleta<\/strong><br \/>\nSi usted en nuevo en el manejo de motocicletas, usted debe conocer c\u00f3mo es la conducci\u00f3n y la respuesta de su motocicleta. La mejor forma de hacerlo es a trav\u00e9s de manejarla en lugares poco poblados y en donde no haya mucho tr\u00e1fico. Usted tambi\u00e9n deber\u00eda de practicar el manejar su motocicleta en \u00e1reas con distintas condiciones clim\u00e1ticas, puesto que, debe de saber c\u00f3mo se comporta su motocicleta en superficies mojadas o con hielo.<\/li>\n<li><strong>Haga revisiones peri\u00f3dicas del estado de su motocicleta<\/strong><br \/>\nUsted deber\u00eda revisar siempre la presi\u00f3n de las llantas, los frenos, las luces, los niveles de aceite antes de conducirla. Usted debe de prestar especial atenci\u00f3n al derrame de gas o aceite.<\/li>\n<li><strong>Cuidado de Pasajeros <\/strong><br \/>\nSi alguien m\u00e1s va a ser su pasajero, \u00e9l o ella debe de subirse despu\u00e9s de que usted ha prendido el motor. Ellos deben de sentarse tan atr\u00e1s como puedan. Los pasajeros siempre deben de sentarse atr\u00e1s de usted, nunca enfrente. Antes de comenzar a manejar d\u00e9 unas breves instrucciones al pasajero, como que deben de mantener sus piernas y pies lejos del mofle. Mantenerse bien agarrados de su pecho, cintura o cintur\u00f3n y moverse lo menos posible.<\/li>\n<li><strong>Utilizar equipo de seguridad<\/strong><br \/>\nUsted siempre debe de utilizar un casco de seguridad. Sus zapatos deben de cubrir sus tobillos. Debe de utilizar guantes, pues ayudan a evitar que se resbalen las manijas. Usted tambi\u00e9n debe acostumbrarse a utilizar un chaleco reflejante. Aun si usted viaja durante el d\u00eda, usted definitivamente necesita uno en caso de que maneje en la noche.<\/li>\n<li><strong>Maneje con precauci\u00f3n<\/strong><br \/>\nConozca las leyes de tr\u00e1nsito locales y maneje conforme a ellas. Usted est\u00e1 en la posici\u00f3n m\u00e1s vulnerable dentro de los conductores, por ello, debe disminuir los riesgos. Usted deber\u00eda de manejar en la direcci\u00f3n de los veh\u00edculos, y dejar suficiente espacio entre su motocicleta y los dem\u00e1s veh\u00edculos. Usted deber\u00eda manejar dentro de las l\u00edneas marcadas para los veh\u00edculos y obedecer las se\u00f1ales de tr\u00e1nsito y los sem\u00e1foros. En otras palabras, maneje con mucha precauci\u00f3n.<\/li>\n<li><strong>No tome alcohol o consuma drogas antes de manejar<\/strong><br \/>\nNunca consuma alcohol o tome ninguna droga antes de manejar. El hacerlo puede conllevar a que sus reflejos y habilidad disminuyan. Si usted tiene un accidente de este tipo, lo que menos quiere es que la polic\u00eda encuentre rastros de alcohol o drogas en su sistema.<\/li>\n<\/ol>\n<p><strong>Si usted es lesionado en un Accidente de Motocicleta<\/strong><br \/>\nAun si sigue estos consejos de seguridad, puede que usted tenga un accidente. Si el accidente es debido a la negligencia o falta de atenci\u00f3n al conducir de otro conductor, usted puede demandarlo. Usted debe de contratar a los mejores abogados para presentar su demanda. La mayor\u00eda de los abogados est\u00e1n especializados en un \u00e1rea del derecho. Nuestros abogados de Los \u00c1ngeles son expertos en Accidentes de Motocicleta y tienen un profundo conocimiento en esta \u00e1rea del derecho, y con ese conocimiento ayudan a sus clientes a obtener el mejor beneficio posible.<\/p>\n<p><strong>Nuestros abogados de Los \u00c1ngeles expertos en Accidentes de Motocicleta<\/strong> cuentan con las cualidades, entrenamiento, y experiencia para preparar su caso en contra del responsable del accidente. Si usted ha sido lesionado gravemente en un choque, un buen abogado analizar\u00e1 m\u00e1s all\u00e1 del reporte de la polic\u00eda; llegar\u00e1n hasta el fondo de las causas del accidente y utilizar\u00e1n todos los hechos para presionar a la compa\u00f1\u00eda de seguros del conductor responsable para que pague la indemnizaci\u00f3n adecuada.<\/p>\n<p>Si el accidente requiere que usted se sujete a un tratamiento m\u00e9dico largo y costoso, la persona culpable de ello, debe de hacerse responsable. Nuestros abogados saben c\u00f3mo obtener este tipo de indemnizaciones.<\/p>\n<p>Mientras usted se recupera de sus lesiones, usted deber\u00eda de hablar <strong>aqu\u00ed en Los \u00c1ngeles con alguno de nuestros abogados expertos en Lesiones Personales.<\/strong> Ellos analizar\u00e1n y le presentar\u00e1n todas las v\u00edas legales disponibles para proceder en contra de qui\u00e9n le ha causado todo ese sufrimiento. Nuestros abogados proteger\u00e1n sus intereses y trabajar\u00e1n de forma incansable para obtener justicia en su caso.<\/p>\n<\/div>\n<\/div><\/div><\/div><\/div><\/div>","protected":false},"excerpt":{"rendered":"<p>Los \u00c1ngeles es uno de los mejores lugares para andar en motocicleta. Una de las grandes ventajas de manejar su motocicleta es la facilidad con la que se puede evitar el tr\u00e1fico y encontrar lugares de estacionamiento. La desventaja es lo desprotegido que se encuentra en caso de un choque. Algunos motociclistas salen sin serias lesiones de un accidente. Ya sea porque chocaron con otro veh\u00edculo, o se cayeron de su motocicleta debido a la conducci\u00f3n err\u00e1tica, irresponsable o ilegal de otro conductor, es muy probable que el motociclista termine en un hospital. Es por ello, que se deben de tomar todas las precauciones para evitar que ocurra un accidente. Los mejores consejos de seguridad para motociclistas Les presentamos algunos de los h\u00e1bitos y pr\u00e1cticas que lo ayudar\u00e1n a evitar un accidente: Obtenga su licencia Todos los estados requieren que los motociclistas cuenten con licencia para conducir una motocicleta. Usted debe de hacer y pasar el examen para obtener su licencia de motociclista, aun cuando usted tenga una licencia de automovilista. En la mayor\u00eda de los estados, el examen consiste en una parte escrita y en una parte pr\u00e1ctica. Puede que usted necesite tomar un curso de seguridad y educaci\u00f3n para el conductor. Por ello, usted debe de conocer cu\u00e1les son los requisitos de su estado antes de empezar a manejar. Conozca el manejo de su motocicleta Si usted en nuevo en el manejo de motocicletas, usted debe conocer c\u00f3mo es la conducci\u00f3n y la respuesta de su motocicleta. La mejor forma de hacerlo es a trav\u00e9s de manejarla en lugares poco poblados y en donde no haya mucho tr\u00e1fico. Usted tambi\u00e9n deber\u00eda de practicar el manejar su motocicleta en \u00e1reas con distintas condiciones clim\u00e1ticas, puesto que, debe de saber c\u00f3mo se comporta su motocicleta en superficies mojadas o con hielo. Haga revisiones peri\u00f3dicas del estado de su motocicleta Usted deber\u00eda revisar siempre la presi\u00f3n de las llantas, los frenos, las luces, los niveles de aceite antes de conducirla. Usted debe de prestar especial atenci\u00f3n al derrame de gas o aceite. Cuidado de Pasajeros Si alguien m\u00e1s va a ser su pasajero, \u00e9l o ella debe de subirse despu\u00e9s de que usted ha prendido el motor. Ellos deben de sentarse tan atr\u00e1s como puedan. Los pasajeros siempre deben de sentarse atr\u00e1s de usted, nunca enfrente. Antes de comenzar a manejar d\u00e9 unas breves instrucciones al pasajero, como que deben de mantener sus piernas y pies lejos del mofle. Mantenerse bien agarrados de su pecho, cintura o cintur\u00f3n y moverse lo menos posible. Utilizar equipo de seguridad Usted siempre debe de utilizar un casco de seguridad. Sus zapatos deben de cubrir sus tobillos. Debe de utilizar guantes, pues ayudan a evitar que se resbalen las manijas. Usted tambi\u00e9n debe acostumbrarse a utilizar un chaleco reflejante. Aun si usted viaja durante el d\u00eda, usted definitivamente necesita uno en caso de que maneje en la noche. Maneje con precauci\u00f3n Conozca las leyes de tr\u00e1nsito locales y maneje conforme a ellas. Usted est\u00e1 en la posici\u00f3n m\u00e1s vulnerable dentro de los conductores, por ello, debe disminuir los riesgos. Usted deber\u00eda de manejar en la [&hellip;]<\/p>\n","protected":false},"author":2,"featured_media":0,"parent":2332,"menu_order":0,"comment_status":"closed","ping_status":"closed","template":"","meta":{"footnotes":""},"class_list":["post-2413","page","type-page","status-publish","hentry"],"yoast_head":"<!-- This site is optimized with the Yoast SEO plugin v16.3 - https:\/\/yoast.com\/wordpress\/plugins\/seo\/ -->\n<title>MEDIDAS DE SEGURIDAD EN LAS MOTOCICLETAS - Personal Injury Lawyer Los Angeles<\/title>\n<meta name=\"robots\" content=\"index, follow, max-snippet:-1, max-image-preview:large, max-video-preview:-1\" \/>\n<link rel=\"canonical\" href=\"https:\/\/gutierrezinjury.attorney\/es\/accidentes-en-motocicleta\/medidas-de-seguridad-en-las-motocicletas\/\" \/>\n<meta property=\"og:locale\" content=\"es_ES\" \/>\n<meta property=\"og:type\" content=\"article\" \/>\n<meta property=\"og:title\" content=\"MEDIDAS DE SEGURIDAD EN LAS MOTOCICLETAS - Personal Injury Lawyer Los Angeles\" \/>\n<meta property=\"og:description\" content=\"Los \u00c1ngeles es uno de los mejores lugares para andar en motocicleta. Una de las grandes ventajas de manejar su motocicleta es la facilidad con la que se puede evitar el tr\u00e1fico y encontrar lugares de estacionamiento. La desventaja es lo desprotegido que se encuentra en caso de un choque. Algunos motociclistas salen sin serias lesiones de un accidente. Ya sea porque chocaron con otro veh\u00edculo, o se cayeron de su motocicleta debido a la conducci\u00f3n err\u00e1tica, irresponsable o ilegal de otro conductor, es muy probable que el motociclista termine en un hospital. Es por ello, que se deben de tomar todas las precauciones para evitar que ocurra un accidente. Los mejores consejos de seguridad para motociclistas Les presentamos algunos de los h\u00e1bitos y pr\u00e1cticas que lo ayudar\u00e1n a evitar un accidente: Obtenga su licencia Todos los estados requieren que los motociclistas cuenten con licencia para conducir una motocicleta. Usted debe de hacer y pasar el examen para obtener su licencia de motociclista, aun cuando usted tenga una licencia de automovilista. En la mayor\u00eda de los estados, el examen consiste en una parte escrita y en una parte pr\u00e1ctica. Puede que usted necesite tomar un curso de seguridad y educaci\u00f3n para el conductor. Por ello, usted debe de conocer cu\u00e1les son los requisitos de su estado antes de empezar a manejar. Conozca el manejo de su motocicleta Si usted en nuevo en el manejo de motocicletas, usted debe conocer c\u00f3mo es la conducci\u00f3n y la respuesta de su motocicleta. La mejor forma de hacerlo es a trav\u00e9s de manejarla en lugares poco poblados y en donde no haya mucho tr\u00e1fico. Usted tambi\u00e9n deber\u00eda de practicar el manejar su motocicleta en \u00e1reas con distintas condiciones clim\u00e1ticas, puesto que, debe de saber c\u00f3mo se comporta su motocicleta en superficies mojadas o con hielo. Haga revisiones peri\u00f3dicas del estado de su motocicleta Usted deber\u00eda revisar siempre la presi\u00f3n de las llantas, los frenos, las luces, los niveles de aceite antes de conducirla. Usted debe de prestar especial atenci\u00f3n al derrame de gas o aceite. Cuidado de Pasajeros Si alguien m\u00e1s va a ser su pasajero, \u00e9l o ella debe de subirse despu\u00e9s de que usted ha prendido el motor. Ellos deben de sentarse tan atr\u00e1s como puedan. Los pasajeros siempre deben de sentarse atr\u00e1s de usted, nunca enfrente. Antes de comenzar a manejar d\u00e9 unas breves instrucciones al pasajero, como que deben de mantener sus piernas y pies lejos del mofle. Mantenerse bien agarrados de su pecho, cintura o cintur\u00f3n y moverse lo menos posible. Utilizar equipo de seguridad Usted siempre debe de utilizar un casco de seguridad. Sus zapatos deben de cubrir sus tobillos. Debe de utilizar guantes, pues ayudan a evitar que se resbalen las manijas. Usted tambi\u00e9n debe acostumbrarse a utilizar un chaleco reflejante. Aun si usted viaja durante el d\u00eda, usted definitivamente necesita uno en caso de que maneje en la noche. Maneje con precauci\u00f3n Conozca las leyes de tr\u00e1nsito locales y maneje conforme a ellas. Usted est\u00e1 en la posici\u00f3n m\u00e1s vulnerable dentro de los conductores, por ello, debe disminuir los riesgos. Usted deber\u00eda de manejar en la [&hellip;]\" \/>\n<meta property=\"og:url\" content=\"https:\/\/gutierrezinjury.attorney\/es\/accidentes-en-motocicleta\/medidas-de-seguridad-en-las-motocicletas\/\" \/>\n<meta property=\"og:site_name\" content=\"Personal Injury Lawyer Los Angeles\" \/>\n<meta property=\"article:modified_time\" content=\"2020-09-07T12:28:33+00:00\" \/>\n<meta name=\"twitter:card\" content=\"summary_large_image\" \/>\n<meta name=\"twitter:label1\" content=\"Tiempo de lectura\">\n\t<meta name=\"twitter:data1\" content=\"5 minutos\">\n<script type=\"application\/ld+json\" class=\"yoast-schema-graph\">{\"@context\":\"https:\/\/schema.org\",\"@graph\":[{\"@type\":\"WebSite\",\"@id\":\"https:\/\/gutierrezinjury.attorney\/#website\",\"url\":\"https:\/\/gutierrezinjury.attorney\/\",\"name\":\"Personal Injury Lawyer Los Angeles\",\"description\":\"How to File Personal Injury Claim\",\"potentialAction\":[{\"@type\":\"SearchAction\",\"target\":\"https:\/\/gutierrezinjury.attorney\/?s={search_term_string}\",\"query-input\":\"required name=search_term_string\"}],\"inLanguage\":\"es\"},{\"@type\":\"WebPage\",\"@id\":\"https:\/\/gutierrezinjury.attorney\/es\/accidentes-en-motocicleta\/medidas-de-seguridad-en-las-motocicletas\/#webpage\",\"url\":\"https:\/\/gutierrezinjury.attorney\/es\/accidentes-en-motocicleta\/medidas-de-seguridad-en-las-motocicletas\/\",\"name\":\"MEDIDAS DE SEGURIDAD EN LAS MOTOCICLETAS - Personal Injury Lawyer Los Angeles\",\"isPartOf\":{\"@id\":\"https:\/\/gutierrezinjury.attorney\/#website\"},\"datePublished\":\"2019-11-23T06:15:28+00:00\",\"dateModified\":\"2020-09-07T12:28:33+00:00\",\"breadcrumb\":{\"@id\":\"https:\/\/gutierrezinjury.attorney\/es\/accidentes-en-motocicleta\/medidas-de-seguridad-en-las-motocicletas\/#breadcrumb\"},\"inLanguage\":\"es\",\"potentialAction\":[{\"@type\":\"ReadAction\",\"target\":[\"https:\/\/gutierrezinjury.attorney\/es\/accidentes-en-motocicleta\/medidas-de-seguridad-en-las-motocicletas\/\"]}]},{\"@type\":\"BreadcrumbList\",\"@id\":\"https:\/\/gutierrezinjury.attorney\/es\/accidentes-en-motocicleta\/medidas-de-seguridad-en-las-motocicletas\/#breadcrumb\",\"itemListElement\":[{\"@type\":\"ListItem\",\"position\":1,\"item\":{\"@type\":\"WebPage\",\"@id\":\"https:\/\/gutierrezinjury.attorney\/es\/\",\"url\":\"https:\/\/gutierrezinjury.attorney\/es\/\",\"name\":\"Home\"}},{\"@type\":\"ListItem\",\"position\":2,\"item\":{\"@type\":\"WebPage\",\"@id\":\"https:\/\/gutierrezinjury.attorney\/es\/accidentes-en-motocicleta\/\",\"url\":\"https:\/\/gutierrezinjury.attorney\/es\/accidentes-en-motocicleta\/\",\"name\":\"AYUDA EN CASOS DE ACCIDENTES EN MOTOCICLETA\"}},{\"@type\":\"ListItem\",\"position\":3,\"item\":{\"@id\":\"https:\/\/gutierrezinjury.attorney\/es\/accidentes-en-motocicleta\/medidas-de-seguridad-en-las-motocicletas\/#webpage\"}}]}]}<\/script>\n<!-- \/ Yoast SEO plugin. -->","_links":{"self":[{"href":"https:\/\/gutierrezinjury.attorney\/es\/wp-json\/wp\/v2\/pages\/2413","targetHints":{"allow":["GET"]}}],"collection":[{"href":"https:\/\/gutierrezinjury.attorney\/es\/wp-json\/wp\/v2\/pages"}],"about":[{"href":"https:\/\/gutierrezinjury.attorney\/es\/wp-json\/wp\/v2\/types\/page"}],"author":[{"embeddable":true,"href":"https:\/\/gutierrezinjury.attorney\/es\/wp-json\/wp\/v2\/users\/2"}],"replies":[{"embeddable":true,"href":"https:\/\/gutierrezinjury.attorney\/es\/wp-json\/wp\/v2\/comments?post=2413"}],"version-history":[{"count":0,"href":"https:\/\/gutierrezinjury.attorney\/es\/wp-json\/wp\/v2\/pages\/2413\/revisions"}],"up":[{"embeddable":true,"href":"https:\/\/gutierrezinjury.attorney\/es\/wp-json\/wp\/v2\/pages\/2332"}],"wp:attachment":[{"href":"https:\/\/gutierrezinjury.attorney\/es\/wp-json\/wp\/v2\/media?parent=2413"}],"curies":[{"name":"wp","href":"https:\/\/api.w.org\/{rel}","templated":true}]}}