{"id":2379,"date":"2019-06-28T07:47:24","date_gmt":"2019-06-28T07:47:24","guid":{"rendered":"https:\/\/gutierrezinjury.attorney\/accidentes-peatonales\/what-to-do-after-a-pedestrian-accident\/"},"modified":"2020-09-07T11:07:15","modified_gmt":"2020-09-07T11:07:15","slug":"que-debemos-de-hacer-despues-de-un-accidente-peatonal","status":"publish","type":"page","link":"https:\/\/gutierrezinjury.attorney\/es\/accidentes-peatonales\/que-debemos-de-hacer-despues-de-un-accidente-peatonal\/","title":{"rendered":"\u00bfQU\u00c9 DEBEMOS DE HACER DESPU\u00c9S DE UN ACCIDENTE PEATONAL?"},"content":{"rendered":"<div id=\"pl-2379\"  class=\"panel-layout\" ><div id=\"pg-2379-0\"  class=\"panel-grid panel-no-style\" ><div id=\"pgc-2379-0-0\"  class=\"panel-grid-cell\" ><div id=\"panel-2379-0-0-0\" class=\"so-panel widget widget_sow-editor panel-first-child panel-last-child\" data-index=\"0\" ><div class=\"so-widget-sow-editor so-widget-sow-editor-base\">\n<div class=\"siteorigin-widget-tinymce textwidget\">\n\t<h2>\u00bfQu\u00e9 debemos de hacer despu\u00e9s de un accidente peatonal?<\/h2>\n<p>Es dif\u00edcil de creer, pero cada a\u00f1o,miles de peatones se ven envueltos en accidentes de tr\u00e1nsito. De acuerdo a las cifras de casos reportadas por los abogados especialistas en Accidentes Peatonales de Los \u00c1ngeles. Aun cuando hay miles de se\u00f1alamientos y lugares especiales para cruzar la calle de forma segura, que buscan reducir el n\u00famero de accidentes, \u00e9stos siguen ocurriendo. La raz\u00f3n por la que ocurren todo este tipo de accidentesvar\u00eda dependiendo del caso. En algunas ocasiones el conductor del veh\u00edculo no observa al peat\u00f3n, en otros casos las luces del sem\u00e1foro para peatones no funcionan, haci\u00e9ndole creer a los peatones que es seguro cruzar la calle, cuando en realidad no lo es. Otro tipo de accidentes sucede porque varias circunstancias se dan al mismo tiempo, como por ejemplo cuando una parte del calle est\u00e1 hundido o en mal estado provocando que el peat\u00f3n al esquivar se interponga en el camino de un carro. Los abogados especializados en Accidentes Peatonales saben que son muchas las razones por las que un peat\u00f3n puede verse envuelto en un accidente de tr\u00e1nsito. Si usted sufre uno de estos accidentes, esto es lo que usted debe de saber y hacer:<\/p>\n<ol>\n<li><strong> Mantenga la Calma<\/strong><br \/>\nSi usted es atropellado, su reacci\u00f3n puede ser la de insultar al conductor respecto a su forma de manejo, pero esto no ayuda a nadie, ya que, el conductor puede insultarlo tambi\u00e9n por su falta de cuidado al caminar en la calle. En este escenario ninguna de las partes gana. Lo mejor que usted puede hacer es guardar la calma. Si usted puede, no se quede enla calle, mu\u00e9vase a la banqueta. En caso de que usted no pueda moverse, porque est\u00e1 desorientado y en shock, solicite la ayuda de alguien m\u00e1s. Como abogados especialistas en Accidentes Peatonales de Los \u00c1ngeles, le recomendamos que usted mantenga la calma y permita que lo ayuden a salir de la calle, para esperar a que el servicio m\u00e9dico llegue a ayudarlo.\n<\/li>\n<li><strong> No permita que el conductor se vaya del lugar del accidente<\/strong><br \/>\nDespu\u00e9s de ocurrido el accidente, h\u00e1gale saber a qui\u00e9n le est\u00e9 ayudando, que no debe de permitir que el conductor del veh\u00edculo que lo atropell\u00f3, se vaya del lugar del accidente. De acuerdo a nuestros abogados especialistas en Accidentes Peatonales de Los \u00c1ngeles, quienes afortunadamente gozan de la confianza de la comunidad, explican que,si el conductor de un veh\u00edculo que ha atropellado a una persona se va del lugar, incurre en una conducta ilegal, y complicar\u00e1 la resoluci\u00f3n del caso. El conductor debe mantenerse en el lugar hasta que las autoridades arriben al lugar y hagan las investigaciones necesarias. El conductor deber\u00e1 mostrar a los oficiales su licencia de conducir y registro del veh\u00edculo, as\u00ed como los papeles de su seguro. En el reporte de polic\u00eda, usted tendr\u00e1 acceso a toda esta informaci\u00f3n. Aseg\u00farese de que el conductor no se vaya antes de que la polic\u00eda llegue y tenga la oportunidad de entrevistar al conductor y pedirle toda esta informaci\u00f3n. Por lo anterior, tendr\u00e1 que pedir la ayuda de alguien m\u00e1s para asegurarse que el conductor no se vaya del lugar del accidente.\n<\/li>\n<li><strong> S\u00f3lo hable con la polic\u00eda<\/strong><br \/>\nComo expertos en Accidentes Peatonales en Los \u00c1ngeles, nuestra recomendaci\u00f3n es que evite pelearse o incitar la violencia entre usted y el conductor. Ser atropellado por un veh\u00edculo es una situaci\u00f3n muy dif\u00edcil tanto para usted como para el conductor. El conductor puede estar preocupado o aterrado de lo que pueda suceder con \u00e9l por el accidente. Por estas razones, lo mejor que puede hacer es que usted y el conductor s\u00f3lo hablen con la polic\u00eda y no entre ustedes. Asimismo, evite hablar con las personas que van caminando por la calle. Como abogados expertos en este tipo de accidentes aqu\u00ed en Los \u00c1ngeles, nuestra recomendaci\u00f3n es que independientemente del caso, nunca diga a las personas que van pasando quien tuvo la culpa del accidente.\n<\/li>\n<li><strong> Contacte a un abogado experto en Lesiones Personales <\/strong><br \/>\nDespu\u00e9s de haber sido atropellado, y para obtener justicia en su caso, usted necesitar\u00e1 ser representado porun abogado. Tan pronto como le sea posible, contacte a nuestros abogados especialistas en Lesiones Personales, quien tienen la confianza de los residentes de Los \u00c1ngeles, para que conozcan su caso. La ventaja de que nuestros abogados tengan conocimiento de su caso es que podr\u00e1n darle la asesor\u00eda necesaria para saber qu\u00e9 hacer y qu\u00e9 no hacer, despu\u00e9s del accidente.\n<\/li>\n<li><strong> Sea atendido por un Doctor<\/strong><br \/>\nFinalmente, usted debe ser atendido por un m\u00e9dico especialista en el tipo de lesiones que presenta. El ser v\u00edctima de un accidente peatonal es traum\u00e1tico y puede que, al momento del accidente y debido a la adrenalina, usted no se d\u00e9 cuenta de las lesiones que sufri\u00f3. La adrenalina nos ayuda a no sentir dolor al momento del accidente, para podernos proteger. Sin embargo, despu\u00e9s de que usted se haya relajado, el dolor de las lesiones causados por el accidente pueden aparecer, estos dolores pueden ser causados por contusiones cerebrales, cortadas, moretones, fractura de huesos, y otro tipo de heridas. Todo este tipo de lesiones debe ser tratada por doctores. Adem\u00e1s, el doctor le proveer\u00e1 con un reporte m\u00e9dico de sus lesiones que podr\u00e1 servirle en caso de que se inicie un proceso judicial. Nuestro equipo de abogados, tambi\u00e9n puede ayudarlo a obtener este reporte m\u00e9dico.<\/p>\n<p>El paso m\u00e1s importante de todos los anteriores, es el de hablar con uno de nuestros abogadosespecialistas en casos de Lesiones Personales, quienes cuentan con la confianza de los residentes del \u00e1rea de Los \u00c1ngeles, para que represente a las v\u00edctimas de este tipo de casos. Desafortunadamente, al ser v\u00edctima de un Accidente Peatonal, es probable que usted sufra varias Lesiones, cuyo tratamiento m\u00e9dico es costoso. Para que,todos los gastos m\u00e9dicos le sean pagados,as\u00ed como cualquier otro tipo de gastos o p\u00e9rdida de ingresos relacionado con el accidente peatonal, usted requiere la asesor\u00eda de un abogado experto en este tipo de casos.\n<\/li>\n<\/ol>\n<\/div>\n<\/div><\/div><\/div><\/div><\/div>","protected":false},"excerpt":{"rendered":"<p>\u00bfQu\u00e9 debemos de hacer despu\u00e9s de un accidente peatonal? Es dif\u00edcil de creer, pero cada a\u00f1o,miles de peatones se ven envueltos en accidentes de tr\u00e1nsito. De acuerdo a las cifras de casos reportadas por los abogados especialistas en Accidentes Peatonales de Los \u00c1ngeles. Aun cuando hay miles de se\u00f1alamientos y lugares especiales para cruzar la calle de forma segura, que buscan reducir el n\u00famero de accidentes, \u00e9stos siguen ocurriendo. La raz\u00f3n por la que ocurren todo este tipo de accidentesvar\u00eda dependiendo del caso. En algunas ocasiones el conductor del veh\u00edculo no observa al peat\u00f3n, en otros casos las luces del sem\u00e1foro para peatones no funcionan, haci\u00e9ndole creer a los peatones que es seguro cruzar la calle, cuando en realidad no lo es. Otro tipo de accidentes sucede porque varias circunstancias se dan al mismo tiempo, como por ejemplo cuando una parte del calle est\u00e1 hundido o en mal estado provocando que el peat\u00f3n al esquivar se interponga en el camino de un carro. Los abogados especializados en Accidentes Peatonales saben que son muchas las razones por las que un peat\u00f3n puede verse envuelto en un accidente de tr\u00e1nsito. Si usted sufre uno de estos accidentes, esto es lo que usted debe de saber y hacer: Mantenga la Calma Si usted es atropellado, su reacci\u00f3n puede ser la de insultar al conductor respecto a su forma de manejo, pero esto no ayuda a nadie, ya que, el conductor puede insultarlo tambi\u00e9n por su falta de cuidado al caminar en la calle. En este escenario ninguna de las partes gana. Lo mejor que usted puede hacer es guardar la calma. Si usted puede, no se quede enla calle, mu\u00e9vase a la banqueta. En caso de que usted no pueda moverse, porque est\u00e1 desorientado y en shock, solicite la ayuda de alguien m\u00e1s. Como abogados especialistas en Accidentes Peatonales de Los \u00c1ngeles, le recomendamos que usted mantenga la calma y permita que lo ayuden a salir de la calle, para esperar a que el servicio m\u00e9dico llegue a ayudarlo. No permita que el conductor se vaya del lugar del accidente Despu\u00e9s de ocurrido el accidente, h\u00e1gale saber a qui\u00e9n le est\u00e9 ayudando, que no debe de permitir que el conductor del veh\u00edculo que lo atropell\u00f3, se vaya del lugar del accidente. De acuerdo a nuestros abogados especialistas en Accidentes Peatonales de Los \u00c1ngeles, quienes afortunadamente gozan de la confianza de la comunidad, explican que,si el conductor de un veh\u00edculo que ha atropellado a una persona se va del lugar, incurre en una conducta ilegal, y complicar\u00e1 la resoluci\u00f3n del caso. El conductor debe mantenerse en el lugar hasta que las autoridades arriben al lugar y hagan las investigaciones necesarias. El conductor deber\u00e1 mostrar a los oficiales su licencia de conducir y registro del veh\u00edculo, as\u00ed como los papeles de su seguro. En el reporte de polic\u00eda, usted tendr\u00e1 acceso a toda esta informaci\u00f3n. Aseg\u00farese de que el conductor no se vaya antes de que la polic\u00eda llegue y tenga la oportunidad de entrevistar al conductor y pedirle toda esta informaci\u00f3n. Por lo anterior, tendr\u00e1 que pedir la ayuda de alguien m\u00e1s para asegurarse [&hellip;]<\/p>\n","protected":false},"author":2,"featured_media":0,"parent":2320,"menu_order":0,"comment_status":"closed","ping_status":"closed","template":"","meta":{"footnotes":""},"class_list":["post-2379","page","type-page","status-publish","hentry"],"yoast_head":"<!-- This site is optimized with the Yoast SEO plugin v16.3 - https:\/\/yoast.com\/wordpress\/plugins\/seo\/ -->\n<title>\u00bfQU\u00c9 DEBEMOS DE HACER DESPU\u00c9S DE UN ACCIDENTE PEATONAL? - Personal Injury Lawyer Los Angeles<\/title>\n<meta name=\"robots\" content=\"index, follow, max-snippet:-1, max-image-preview:large, max-video-preview:-1\" \/>\n<link rel=\"canonical\" href=\"https:\/\/gutierrezinjury.attorney\/es\/accidentes-peatonales\/que-debemos-de-hacer-despues-de-un-accidente-peatonal\/\" \/>\n<meta property=\"og:locale\" content=\"es_ES\" \/>\n<meta property=\"og:type\" content=\"article\" \/>\n<meta property=\"og:title\" content=\"\u00bfQU\u00c9 DEBEMOS DE HACER DESPU\u00c9S DE UN ACCIDENTE PEATONAL? - Personal Injury Lawyer Los Angeles\" \/>\n<meta property=\"og:description\" content=\"\u00bfQu\u00e9 debemos de hacer despu\u00e9s de un accidente peatonal? Es dif\u00edcil de creer, pero cada a\u00f1o,miles de peatones se ven envueltos en accidentes de tr\u00e1nsito. De acuerdo a las cifras de casos reportadas por los abogados especialistas en Accidentes Peatonales de Los \u00c1ngeles. Aun cuando hay miles de se\u00f1alamientos y lugares especiales para cruzar la calle de forma segura, que buscan reducir el n\u00famero de accidentes, \u00e9stos siguen ocurriendo. La raz\u00f3n por la que ocurren todo este tipo de accidentesvar\u00eda dependiendo del caso. En algunas ocasiones el conductor del veh\u00edculo no observa al peat\u00f3n, en otros casos las luces del sem\u00e1foro para peatones no funcionan, haci\u00e9ndole creer a los peatones que es seguro cruzar la calle, cuando en realidad no lo es. Otro tipo de accidentes sucede porque varias circunstancias se dan al mismo tiempo, como por ejemplo cuando una parte del calle est\u00e1 hundido o en mal estado provocando que el peat\u00f3n al esquivar se interponga en el camino de un carro. Los abogados especializados en Accidentes Peatonales saben que son muchas las razones por las que un peat\u00f3n puede verse envuelto en un accidente de tr\u00e1nsito. Si usted sufre uno de estos accidentes, esto es lo que usted debe de saber y hacer: Mantenga la Calma Si usted es atropellado, su reacci\u00f3n puede ser la de insultar al conductor respecto a su forma de manejo, pero esto no ayuda a nadie, ya que, el conductor puede insultarlo tambi\u00e9n por su falta de cuidado al caminar en la calle. En este escenario ninguna de las partes gana. Lo mejor que usted puede hacer es guardar la calma. Si usted puede, no se quede enla calle, mu\u00e9vase a la banqueta. En caso de que usted no pueda moverse, porque est\u00e1 desorientado y en shock, solicite la ayuda de alguien m\u00e1s. Como abogados especialistas en Accidentes Peatonales de Los \u00c1ngeles, le recomendamos que usted mantenga la calma y permita que lo ayuden a salir de la calle, para esperar a que el servicio m\u00e9dico llegue a ayudarlo. No permita que el conductor se vaya del lugar del accidente Despu\u00e9s de ocurrido el accidente, h\u00e1gale saber a qui\u00e9n le est\u00e9 ayudando, que no debe de permitir que el conductor del veh\u00edculo que lo atropell\u00f3, se vaya del lugar del accidente. De acuerdo a nuestros abogados especialistas en Accidentes Peatonales de Los \u00c1ngeles, quienes afortunadamente gozan de la confianza de la comunidad, explican que,si el conductor de un veh\u00edculo que ha atropellado a una persona se va del lugar, incurre en una conducta ilegal, y complicar\u00e1 la resoluci\u00f3n del caso. El conductor debe mantenerse en el lugar hasta que las autoridades arriben al lugar y hagan las investigaciones necesarias. El conductor deber\u00e1 mostrar a los oficiales su licencia de conducir y registro del veh\u00edculo, as\u00ed como los papeles de su seguro. En el reporte de polic\u00eda, usted tendr\u00e1 acceso a toda esta informaci\u00f3n. Aseg\u00farese de que el conductor no se vaya antes de que la polic\u00eda llegue y tenga la oportunidad de entrevistar al conductor y pedirle toda esta informaci\u00f3n. Por lo anterior, tendr\u00e1 que pedir la ayuda de alguien m\u00e1s para asegurarse [&hellip;]\" \/>\n<meta property=\"og:url\" content=\"https:\/\/gutierrezinjury.attorney\/es\/accidentes-peatonales\/que-debemos-de-hacer-despues-de-un-accidente-peatonal\/\" \/>\n<meta property=\"og:site_name\" content=\"Personal Injury Lawyer Los Angeles\" \/>\n<meta property=\"article:modified_time\" content=\"2020-09-07T11:07:15+00:00\" \/>\n<meta name=\"twitter:card\" content=\"summary_large_image\" \/>\n<meta name=\"twitter:label1\" content=\"Tiempo de lectura\">\n\t<meta name=\"twitter:data1\" content=\"5 minutos\">\n<script type=\"application\/ld+json\" class=\"yoast-schema-graph\">{\"@context\":\"https:\/\/schema.org\",\"@graph\":[{\"@type\":\"WebSite\",\"@id\":\"https:\/\/gutierrezinjury.attorney\/#website\",\"url\":\"https:\/\/gutierrezinjury.attorney\/\",\"name\":\"Personal Injury Lawyer Los Angeles\",\"description\":\"How to File Personal Injury Claim\",\"potentialAction\":[{\"@type\":\"SearchAction\",\"target\":\"https:\/\/gutierrezinjury.attorney\/?s={search_term_string}\",\"query-input\":\"required name=search_term_string\"}],\"inLanguage\":\"es\"},{\"@type\":\"WebPage\",\"@id\":\"https:\/\/gutierrezinjury.attorney\/es\/accidentes-peatonales\/que-debemos-de-hacer-despues-de-un-accidente-peatonal\/#webpage\",\"url\":\"https:\/\/gutierrezinjury.attorney\/es\/accidentes-peatonales\/que-debemos-de-hacer-despues-de-un-accidente-peatonal\/\",\"name\":\"\\u00bfQU\\u00c9 DEBEMOS DE HACER DESPU\\u00c9S DE UN ACCIDENTE PEATONAL? - Personal Injury Lawyer Los Angeles\",\"isPartOf\":{\"@id\":\"https:\/\/gutierrezinjury.attorney\/#website\"},\"datePublished\":\"2019-06-28T07:47:24+00:00\",\"dateModified\":\"2020-09-07T11:07:15+00:00\",\"breadcrumb\":{\"@id\":\"https:\/\/gutierrezinjury.attorney\/es\/accidentes-peatonales\/que-debemos-de-hacer-despues-de-un-accidente-peatonal\/#breadcrumb\"},\"inLanguage\":\"es\",\"potentialAction\":[{\"@type\":\"ReadAction\",\"target\":[\"https:\/\/gutierrezinjury.attorney\/es\/accidentes-peatonales\/que-debemos-de-hacer-despues-de-un-accidente-peatonal\/\"]}]},{\"@type\":\"BreadcrumbList\",\"@id\":\"https:\/\/gutierrezinjury.attorney\/es\/accidentes-peatonales\/que-debemos-de-hacer-despues-de-un-accidente-peatonal\/#breadcrumb\",\"itemListElement\":[{\"@type\":\"ListItem\",\"position\":1,\"item\":{\"@type\":\"WebPage\",\"@id\":\"https:\/\/gutierrezinjury.attorney\/es\/\",\"url\":\"https:\/\/gutierrezinjury.attorney\/es\/\",\"name\":\"Home\"}},{\"@type\":\"ListItem\",\"position\":2,\"item\":{\"@type\":\"WebPage\",\"@id\":\"https:\/\/gutierrezinjury.attorney\/es\/accidentes-peatonales\/\",\"url\":\"https:\/\/gutierrezinjury.attorney\/es\/accidentes-peatonales\/\",\"name\":\"INDEMNIZACI\\u00d3N POR LESIONES CAUSADAS POR ACCIDENTES PEATONALES\"}},{\"@type\":\"ListItem\",\"position\":3,\"item\":{\"@id\":\"https:\/\/gutierrezinjury.attorney\/es\/accidentes-peatonales\/que-debemos-de-hacer-despues-de-un-accidente-peatonal\/#webpage\"}}]}]}<\/script>\n<!-- \/ Yoast SEO plugin. -->","_links":{"self":[{"href":"https:\/\/gutierrezinjury.attorney\/es\/wp-json\/wp\/v2\/pages\/2379","targetHints":{"allow":["GET"]}}],"collection":[{"href":"https:\/\/gutierrezinjury.attorney\/es\/wp-json\/wp\/v2\/pages"}],"about":[{"href":"https:\/\/gutierrezinjury.attorney\/es\/wp-json\/wp\/v2\/types\/page"}],"author":[{"embeddable":true,"href":"https:\/\/gutierrezinjury.attorney\/es\/wp-json\/wp\/v2\/users\/2"}],"replies":[{"embeddable":true,"href":"https:\/\/gutierrezinjury.attorney\/es\/wp-json\/wp\/v2\/comments?post=2379"}],"version-history":[{"count":0,"href":"https:\/\/gutierrezinjury.attorney\/es\/wp-json\/wp\/v2\/pages\/2379\/revisions"}],"up":[{"embeddable":true,"href":"https:\/\/gutierrezinjury.attorney\/es\/wp-json\/wp\/v2\/pages\/2320"}],"wp:attachment":[{"href":"https:\/\/gutierrezinjury.attorney\/es\/wp-json\/wp\/v2\/media?parent=2379"}],"curies":[{"name":"wp","href":"https:\/\/api.w.org\/{rel}","templated":true}]}}