{"id":2367,"date":"2019-06-28T08:28:48","date_gmt":"2019-06-28T08:28:48","guid":{"rendered":"https:\/\/gutierrezinjury.attorney\/compensacion-por-lesiones-infantiles\/who-is-liable-if-your-child-was-injured-at-school\/"},"modified":"2020-09-07T10:45:32","modified_gmt":"2020-09-07T10:45:32","slug":"si-su-hijo-fue-lesionado-en-la-escuelaquien-es-responsable","status":"publish","type":"page","link":"https:\/\/gutierrezinjury.attorney\/es\/compensacion-por-lesiones-infantiles\/si-su-hijo-fue-lesionado-en-la-escuelaquien-es-responsable\/","title":{"rendered":"SI SU HIJO FUE LESIONADO EN LA ESCUELA\u00bfQUI\u00c9N ES RESPONSABLE?"},"content":{"rendered":"<div id=\"pl-2367\"  class=\"panel-layout\" ><div id=\"pg-2367-0\"  class=\"panel-grid panel-no-style\" ><div id=\"pgc-2367-0-0\"  class=\"panel-grid-cell\" ><div id=\"panel-2367-0-0-0\" class=\"so-panel widget widget_sow-editor panel-first-child panel-last-child\" data-index=\"0\" ><div class=\"so-widget-sow-editor so-widget-sow-editor-base\">\n<div class=\"siteorigin-widget-tinymce textwidget\">\n\t<h2>Si su hijo fue lesionado en la Escuela\u00bfQui\u00e9n es responsable?<\/h2>\n<p>Generalmente las escuelas son uno de los lugares m\u00e1s seguros para cualquier menor de edad. Sin embargo, pueden ocurrir accidentes de forma inesperada, donde los estudiantesse lesionen. Estos accidentes pueden ocurrir durante una pr\u00e1ctica de nataci\u00f3n o el entrenamiento de f\u00fatbol americano, por peleas o por abuso emocional de sus compa\u00f1eros o maestros, y que resultan en lesiones.\u00bfQu\u00e9 deber\u00eda de hacer usted cuando uno de sus hijos llega a casa con una lesi\u00f3n causada en la escuela? Como padre, \u00bftiene alguna forma de demandar a los responsables? En este art\u00edculo, analizaremos las circunstancias que determinan la responsabilidad en este tipo de casos y la importancia de contratar aqu\u00ed en Los \u00c1ngeles a uno de nuestros abogados especialistas en Lesiones sufridas por Menores de Edad.<\/p>\n<p><strong>Negligencia por parte de la escuela<\/strong><br \/>\nLas escuelas son responsables por la seguridad y por las lesiones que sufran los menores de edad mientras est\u00e9n en sus instalaciones.No obstante, eso no garantiza que los menores de edad siempre vayan a estar a seguros y a salvo. Las escuelas pueden ser demandadas por negligencia, si \u00e9stas no cumplen con los est\u00e1ndares m\u00ednimos de cuidado. Si por la negligencia de la escuelaun menor de edad sufri\u00f3 una lesi\u00f3n que pudo haber sido prevenida, la escuela puede ser considerada responsable por esas lesiones.<\/p>\n<p>Las lesiones causadas por elpoco o deficiente mantenimiento de los pisos, equipos y estructura del inmueble pueden servir para demostrar la negligencia de la escuela. De igual forma, se pude demandar a la escuela en aquellos casos en donde el accidente ocurri\u00f3por permitir a los alumnos participar en eventos deportivos sin contar con las protecciones necesarias o por haber contratado a un conductor de autob\u00fasque no es precavido al manejar y que esa falta de precauci\u00f3n, haya sido la causa de que uno de los autobuses de la escuela chocara. Debido a que estos casos no ocurren frecuentemente, su mejor opci\u00f3n es contactar a un abogado especialista en lesiones sufridas por el menor de edad que est\u00e9 cerca de usted.<\/p>\n<p><strong>Lesiones ocurridas por una supervisi\u00f3n deficiente<\/strong><br \/>\nCuando uno de <strong>nuestros abogados especialistas en casos de Lesiones Personales de Los \u00c1ngeles<\/strong> realiza la investigaci\u00f3n de una lesi\u00f3n y encuentra, que la lesi\u00f3n fue resultado de una supervisi\u00f3n deficiente, la escuela puede ser considerada responsable. En estos casos, los empleados encargados del cuidado de los ni\u00f1os asumen el rol de vigilancia para evitar que sufran alguna lesi\u00f3n.Si un menor de edad es acosado, abusado o sufre alguna lesi\u00f3n de cualquier tipo infringida por un maestro, entrenador o cualquier trabajador de la escuela, \u00e9sta ser\u00e1 responsable. \u00bfPorqu\u00e9? Porque la direcci\u00f3n de la escuela tiene la responsabilidad de capacitar y supervisar la conducta de sus empleados. Si los estudiantes sufren alguna lesi\u00f3n en la escuela como resultado de la falta de capacitaci\u00f3n y supervisi\u00f3n, la direcci\u00f3n de la escuela ser\u00e1 la responsable.<\/p>\n<p><strong>Cuando los estudiantes sufren una lesi\u00f3n al utilizar las instalaciones de la escuela<\/strong><br \/>\nNormalmente, en estos accidentes la escuela ofrece el servicio de autotransporte a los estudiantes, para transportarlos de su domicilio a la escuela y viceversa. La escuela tiene el deber legal de asegurarse que los medios de transporte utilizados en estas tareas sean seguros para los estudiantes. En el supuesto de que el autob\u00fas escolar se vea envuelto en un accidente y los estudiantes sufran alguna lesi\u00f3n, las autoridades determinar\u00e1n las causas del accidente. Si se debi\u00f3 a una falla en los frenos del autob\u00fas o a que el conductor estaba intoxicado al ir manejando o no ten\u00eda la capacitaci\u00f3n suficiente para conducir este tipo de autom\u00f3viles, se puede demandar a la escuela por las lesiones sufridas por los menores de edad.<\/p>\n<p>No obstante, si la escuela no ofrece el servicio de transporte escolar y el accidente ocurre cuando el menor de edad no est\u00e1 en las instalaciones escolares, la escuela no ser\u00e1 responsable de las lesiones del menor. Si su hijo sufre una lesi\u00f3n mientras se dirige a la escuela en su bicicleta, la escuela nopuede ser considerada responsable por sus lesiones, debido a que el menor no estaba bajo el cuidado de la escuela en esos momentos. En casos muy excepcionales en donde los estudiantes sufrieron una lesi\u00f3n inmediatamente despu\u00e9s de haber dejado la escuela, \u00e9sta puede ser considerada responsable de esas lesiones. Las autoridades verificar\u00e1n si la escuela conoc\u00eda de las situaciones de peligro que causaron el accidente y no tomaron las medidas de prevenci\u00f3n necesarias. Si este es su caso, <strong>nuestros abogados especialistas en Lesiones sufridas por Menores de Edad, radicados aqu\u00ed en Los \u00c1ngeles,<\/strong> lo ayudar\u00e1n a proteger y pelear por los derechos de su hijo o hija.<\/p>\n<p><strong>Productos Defectuosos<\/strong><br \/>\nAlgunos accidentes ocurren debido a que el producto fue fabricado de forma defectuosa. El material defectuoso puede ser utilizado en el laboratorio o en el \u00e1rea de juegos y puede incluir desde materiales comunes hasta comida. Dichos casos son bastante complejos pues, se debe determinar qui\u00e9n es el responsable de las lesiones si la escuela o la empresa fabricante. En esos casos, usted necesitar\u00e1 ser representado por un excelente abogado especializado en Lesiones Personales de Los \u00c1ngeles para que pueda acompa\u00f1arlo a lo largo del proceso judicial y re\u00fana toda la evidencia necesaria para su caso.<\/p>\n<p>Si la investigaci\u00f3n demuestra que la escuela sab\u00eda que el material era defectuoso o del peligro que representaba y aun as\u00ed permiti\u00f3 su uso, la escuela puede ser responsable por las lesiones causadas por la utilizaci\u00f3n de ese material. Por otro lado, si fue la compa\u00f1\u00eda fabricante la que puso a la venta productos que eran defectuosos y que no cumpl\u00edan con est\u00e1ndares m\u00ednimos de seguridad, ellos ser\u00e1n considerados responsables por las lesiones sufridas. En ambos casos, usted necesitar\u00e1 la representaci\u00f3n de uno de nuestros abogados expertos en Lesiones sufridas por Menores de Edad, los cuales, est\u00e1n ubicados en Los \u00c1ngeles.<\/p>\n<p><strong>Bullying<\/strong><br \/>\nEl bullying entre adolescentes es muy com\u00fan en las escuelas. El bullying es utilizado para definir la lesi\u00f3n de un menorpor otro de forma intencional, por negligencia o por un descuido grave. Debido a que un menor de edad est\u00e1 al cuidado y responsabilidad de sus padres, se puede demandar a los padres del menor infractor. En algunos casos no es posible determinar qui\u00e9n fue el responsable de las lesiones, por ejemplo, cuando un ni\u00f1o se enlista en el equipo de f\u00fatbol americano, y al estar practicando o jugando usando el equipo adecuado para dicha actividad deportiva, sufre un accidente que le provoca la fractura de su tobillo. Sin duda este tipo de casos, no puede ser prevenido. Por lo que, en estos casos el menor debe de buscar atenci\u00f3n m\u00e9dica inmediata y ser enviado a su casa para recuperarse. Si usted no est\u00e1 seguro acerca del tipo de accidente que sufri\u00f3, es importante que contacte a alguno de nuestros abogadosespecialistasen Lesiones sufridas por Menores de Edad de Los \u00c1ngeles, para que podamos llevar a cabo la investigaci\u00f3n e indagatorias necesarias en su caso y determinar qu\u00e9 tipo de accidente sufri\u00f3 su menor hijo o hija.<\/p>\n<p>Si usted necesita que se haga justicia por una lesi\u00f3n, pero no sabe qui\u00e9n es el responsable, no desista de su caso. Contacte a nuestros abogados especialistas en este tipo de casos para que lo ayude en su caso y la persona responsable sea demandada.<\/p>\n<\/div>\n<\/div><\/div><\/div><\/div><\/div>","protected":false},"excerpt":{"rendered":"<p>Si su hijo fue lesionado en la Escuela\u00bfQui\u00e9n es responsable? Generalmente las escuelas son uno de los lugares m\u00e1s seguros para cualquier menor de edad. Sin embargo, pueden ocurrir accidentes de forma inesperada, donde los estudiantesse lesionen. Estos accidentes pueden ocurrir durante una pr\u00e1ctica de nataci\u00f3n o el entrenamiento de f\u00fatbol americano, por peleas o por abuso emocional de sus compa\u00f1eros o maestros, y que resultan en lesiones.\u00bfQu\u00e9 deber\u00eda de hacer usted cuando uno de sus hijos llega a casa con una lesi\u00f3n causada en la escuela? Como padre, \u00bftiene alguna forma de demandar a los responsables? En este art\u00edculo, analizaremos las circunstancias que determinan la responsabilidad en este tipo de casos y la importancia de contratar aqu\u00ed en Los \u00c1ngeles a uno de nuestros abogados especialistas en Lesiones sufridas por Menores de Edad. Negligencia por parte de la escuela Las escuelas son responsables por la seguridad y por las lesiones que sufran los menores de edad mientras est\u00e9n en sus instalaciones.No obstante, eso no garantiza que los menores de edad siempre vayan a estar a seguros y a salvo. Las escuelas pueden ser demandadas por negligencia, si \u00e9stas no cumplen con los est\u00e1ndares m\u00ednimos de cuidado. Si por la negligencia de la escuelaun menor de edad sufri\u00f3 una lesi\u00f3n que pudo haber sido prevenida, la escuela puede ser considerada responsable por esas lesiones. Las lesiones causadas por elpoco o deficiente mantenimiento de los pisos, equipos y estructura del inmueble pueden servir para demostrar la negligencia de la escuela. De igual forma, se pude demandar a la escuela en aquellos casos en donde el accidente ocurri\u00f3por permitir a los alumnos participar en eventos deportivos sin contar con las protecciones necesarias o por haber contratado a un conductor de autob\u00fasque no es precavido al manejar y que esa falta de precauci\u00f3n, haya sido la causa de que uno de los autobuses de la escuela chocara. Debido a que estos casos no ocurren frecuentemente, su mejor opci\u00f3n es contactar a un abogado especialista en lesiones sufridas por el menor de edad que est\u00e9 cerca de usted. Lesiones ocurridas por una supervisi\u00f3n deficiente Cuando uno de nuestros abogados especialistas en casos de Lesiones Personales de Los \u00c1ngeles realiza la investigaci\u00f3n de una lesi\u00f3n y encuentra, que la lesi\u00f3n fue resultado de una supervisi\u00f3n deficiente, la escuela puede ser considerada responsable. En estos casos, los empleados encargados del cuidado de los ni\u00f1os asumen el rol de vigilancia para evitar que sufran alguna lesi\u00f3n.Si un menor de edad es acosado, abusado o sufre alguna lesi\u00f3n de cualquier tipo infringida por un maestro, entrenador o cualquier trabajador de la escuela, \u00e9sta ser\u00e1 responsable. \u00bfPorqu\u00e9? Porque la direcci\u00f3n de la escuela tiene la responsabilidad de capacitar y supervisar la conducta de sus empleados. Si los estudiantes sufren alguna lesi\u00f3n en la escuela como resultado de la falta de capacitaci\u00f3n y supervisi\u00f3n, la direcci\u00f3n de la escuela ser\u00e1 la responsable. Cuando los estudiantes sufren una lesi\u00f3n al utilizar las instalaciones de la escuela Normalmente, en estos accidentes la escuela ofrece el servicio de autotransporte a los estudiantes, para transportarlos de su domicilio a la escuela y viceversa. La [&hellip;]<\/p>\n","protected":false},"author":2,"featured_media":0,"parent":2313,"menu_order":0,"comment_status":"closed","ping_status":"closed","template":"","meta":{"footnotes":""},"class_list":["post-2367","page","type-page","status-publish","hentry"],"yoast_head":"<!-- This site is optimized with the Yoast SEO plugin v16.3 - https:\/\/yoast.com\/wordpress\/plugins\/seo\/ -->\n<title>SI SU HIJO FUE LESIONADO EN LA ESCUELA\u00bfQUI\u00c9N ES RESPONSABLE? - Personal Injury Lawyer Los Angeles<\/title>\n<meta name=\"robots\" content=\"index, follow, max-snippet:-1, max-image-preview:large, max-video-preview:-1\" \/>\n<link rel=\"canonical\" href=\"https:\/\/gutierrezinjury.attorney\/es\/compensacion-por-lesiones-infantiles\/si-su-hijo-fue-lesionado-en-la-escuelaquien-es-responsable\/\" \/>\n<meta property=\"og:locale\" content=\"es_ES\" \/>\n<meta property=\"og:type\" content=\"article\" \/>\n<meta property=\"og:title\" content=\"SI SU HIJO FUE LESIONADO EN LA ESCUELA\u00bfQUI\u00c9N ES RESPONSABLE? - Personal Injury Lawyer Los Angeles\" \/>\n<meta property=\"og:description\" content=\"Si su hijo fue lesionado en la Escuela\u00bfQui\u00e9n es responsable? Generalmente las escuelas son uno de los lugares m\u00e1s seguros para cualquier menor de edad. Sin embargo, pueden ocurrir accidentes de forma inesperada, donde los estudiantesse lesionen. Estos accidentes pueden ocurrir durante una pr\u00e1ctica de nataci\u00f3n o el entrenamiento de f\u00fatbol americano, por peleas o por abuso emocional de sus compa\u00f1eros o maestros, y que resultan en lesiones.\u00bfQu\u00e9 deber\u00eda de hacer usted cuando uno de sus hijos llega a casa con una lesi\u00f3n causada en la escuela? Como padre, \u00bftiene alguna forma de demandar a los responsables? En este art\u00edculo, analizaremos las circunstancias que determinan la responsabilidad en este tipo de casos y la importancia de contratar aqu\u00ed en Los \u00c1ngeles a uno de nuestros abogados especialistas en Lesiones sufridas por Menores de Edad. Negligencia por parte de la escuela Las escuelas son responsables por la seguridad y por las lesiones que sufran los menores de edad mientras est\u00e9n en sus instalaciones.No obstante, eso no garantiza que los menores de edad siempre vayan a estar a seguros y a salvo. Las escuelas pueden ser demandadas por negligencia, si \u00e9stas no cumplen con los est\u00e1ndares m\u00ednimos de cuidado. Si por la negligencia de la escuelaun menor de edad sufri\u00f3 una lesi\u00f3n que pudo haber sido prevenida, la escuela puede ser considerada responsable por esas lesiones. Las lesiones causadas por elpoco o deficiente mantenimiento de los pisos, equipos y estructura del inmueble pueden servir para demostrar la negligencia de la escuela. De igual forma, se pude demandar a la escuela en aquellos casos en donde el accidente ocurri\u00f3por permitir a los alumnos participar en eventos deportivos sin contar con las protecciones necesarias o por haber contratado a un conductor de autob\u00fasque no es precavido al manejar y que esa falta de precauci\u00f3n, haya sido la causa de que uno de los autobuses de la escuela chocara. Debido a que estos casos no ocurren frecuentemente, su mejor opci\u00f3n es contactar a un abogado especialista en lesiones sufridas por el menor de edad que est\u00e9 cerca de usted. Lesiones ocurridas por una supervisi\u00f3n deficiente Cuando uno de nuestros abogados especialistas en casos de Lesiones Personales de Los \u00c1ngeles realiza la investigaci\u00f3n de una lesi\u00f3n y encuentra, que la lesi\u00f3n fue resultado de una supervisi\u00f3n deficiente, la escuela puede ser considerada responsable. En estos casos, los empleados encargados del cuidado de los ni\u00f1os asumen el rol de vigilancia para evitar que sufran alguna lesi\u00f3n.Si un menor de edad es acosado, abusado o sufre alguna lesi\u00f3n de cualquier tipo infringida por un maestro, entrenador o cualquier trabajador de la escuela, \u00e9sta ser\u00e1 responsable. \u00bfPorqu\u00e9? Porque la direcci\u00f3n de la escuela tiene la responsabilidad de capacitar y supervisar la conducta de sus empleados. Si los estudiantes sufren alguna lesi\u00f3n en la escuela como resultado de la falta de capacitaci\u00f3n y supervisi\u00f3n, la direcci\u00f3n de la escuela ser\u00e1 la responsable. Cuando los estudiantes sufren una lesi\u00f3n al utilizar las instalaciones de la escuela Normalmente, en estos accidentes la escuela ofrece el servicio de autotransporte a los estudiantes, para transportarlos de su domicilio a la escuela y viceversa. La [&hellip;]\" \/>\n<meta property=\"og:url\" content=\"https:\/\/gutierrezinjury.attorney\/es\/compensacion-por-lesiones-infantiles\/si-su-hijo-fue-lesionado-en-la-escuelaquien-es-responsable\/\" \/>\n<meta property=\"og:site_name\" content=\"Personal Injury Lawyer Los Angeles\" \/>\n<meta property=\"article:modified_time\" content=\"2020-09-07T10:45:32+00:00\" \/>\n<meta name=\"twitter:card\" content=\"summary_large_image\" \/>\n<meta name=\"twitter:label1\" content=\"Tiempo de lectura\">\n\t<meta name=\"twitter:data1\" content=\"6 minutos\">\n<script type=\"application\/ld+json\" class=\"yoast-schema-graph\">{\"@context\":\"https:\/\/schema.org\",\"@graph\":[{\"@type\":\"WebSite\",\"@id\":\"https:\/\/gutierrezinjury.attorney\/#website\",\"url\":\"https:\/\/gutierrezinjury.attorney\/\",\"name\":\"Personal Injury Lawyer Los Angeles\",\"description\":\"How to File Personal Injury Claim\",\"potentialAction\":[{\"@type\":\"SearchAction\",\"target\":\"https:\/\/gutierrezinjury.attorney\/?s={search_term_string}\",\"query-input\":\"required name=search_term_string\"}],\"inLanguage\":\"es\"},{\"@type\":\"WebPage\",\"@id\":\"https:\/\/gutierrezinjury.attorney\/es\/compensacion-por-lesiones-infantiles\/si-su-hijo-fue-lesionado-en-la-escuelaquien-es-responsable\/#webpage\",\"url\":\"https:\/\/gutierrezinjury.attorney\/es\/compensacion-por-lesiones-infantiles\/si-su-hijo-fue-lesionado-en-la-escuelaquien-es-responsable\/\",\"name\":\"SI SU HIJO FUE LESIONADO EN LA ESCUELA\\u00bfQUI\\u00c9N ES RESPONSABLE? - Personal Injury Lawyer Los Angeles\",\"isPartOf\":{\"@id\":\"https:\/\/gutierrezinjury.attorney\/#website\"},\"datePublished\":\"2019-06-28T08:28:48+00:00\",\"dateModified\":\"2020-09-07T10:45:32+00:00\",\"breadcrumb\":{\"@id\":\"https:\/\/gutierrezinjury.attorney\/es\/compensacion-por-lesiones-infantiles\/si-su-hijo-fue-lesionado-en-la-escuelaquien-es-responsable\/#breadcrumb\"},\"inLanguage\":\"es\",\"potentialAction\":[{\"@type\":\"ReadAction\",\"target\":[\"https:\/\/gutierrezinjury.attorney\/es\/compensacion-por-lesiones-infantiles\/si-su-hijo-fue-lesionado-en-la-escuelaquien-es-responsable\/\"]}]},{\"@type\":\"BreadcrumbList\",\"@id\":\"https:\/\/gutierrezinjury.attorney\/es\/compensacion-por-lesiones-infantiles\/si-su-hijo-fue-lesionado-en-la-escuelaquien-es-responsable\/#breadcrumb\",\"itemListElement\":[{\"@type\":\"ListItem\",\"position\":1,\"item\":{\"@type\":\"WebPage\",\"@id\":\"https:\/\/gutierrezinjury.attorney\/es\/\",\"url\":\"https:\/\/gutierrezinjury.attorney\/es\/\",\"name\":\"Home\"}},{\"@type\":\"ListItem\",\"position\":2,\"item\":{\"@type\":\"WebPage\",\"@id\":\"https:\/\/gutierrezinjury.attorney\/es\/compensacion-por-lesiones-infantiles\/\",\"url\":\"https:\/\/gutierrezinjury.attorney\/es\/compensacion-por-lesiones-infantiles\/\",\"name\":\"Compensaci\\u00f3n por lesiones infantiles\"}},{\"@type\":\"ListItem\",\"position\":3,\"item\":{\"@id\":\"https:\/\/gutierrezinjury.attorney\/es\/compensacion-por-lesiones-infantiles\/si-su-hijo-fue-lesionado-en-la-escuelaquien-es-responsable\/#webpage\"}}]}]}<\/script>\n<!-- \/ Yoast SEO plugin. -->","_links":{"self":[{"href":"https:\/\/gutierrezinjury.attorney\/es\/wp-json\/wp\/v2\/pages\/2367","targetHints":{"allow":["GET"]}}],"collection":[{"href":"https:\/\/gutierrezinjury.attorney\/es\/wp-json\/wp\/v2\/pages"}],"about":[{"href":"https:\/\/gutierrezinjury.attorney\/es\/wp-json\/wp\/v2\/types\/page"}],"author":[{"embeddable":true,"href":"https:\/\/gutierrezinjury.attorney\/es\/wp-json\/wp\/v2\/users\/2"}],"replies":[{"embeddable":true,"href":"https:\/\/gutierrezinjury.attorney\/es\/wp-json\/wp\/v2\/comments?post=2367"}],"version-history":[{"count":0,"href":"https:\/\/gutierrezinjury.attorney\/es\/wp-json\/wp\/v2\/pages\/2367\/revisions"}],"up":[{"embeddable":true,"href":"https:\/\/gutierrezinjury.attorney\/es\/wp-json\/wp\/v2\/pages\/2313"}],"wp:attachment":[{"href":"https:\/\/gutierrezinjury.attorney\/es\/wp-json\/wp\/v2\/media?parent=2367"}],"curies":[{"name":"wp","href":"https:\/\/api.w.org\/{rel}","templated":true}]}}