{"id":2346,"date":"2019-06-27T12:39:44","date_gmt":"2019-06-27T12:39:44","guid":{"rendered":"https:\/\/gutierrezinjury.attorney\/types-of-swimming-pool-injuries\/"},"modified":"2020-09-03T09:49:10","modified_gmt":"2020-09-03T09:49:10","slug":"tipos-de-accidentes-ocasionados-en-la-alberca","status":"publish","type":"page","link":"https:\/\/gutierrezinjury.attorney\/es\/tipos-de-accidentes-ocasionados-en-la-alberca\/","title":{"rendered":"TIPOS DE ACCIDENTES OCASIONADOS EN LA ALBERCA"},"content":{"rendered":"<div id=\"pl-2346\"  class=\"panel-layout\" ><div id=\"pg-2346-0\"  class=\"panel-grid panel-no-style\" ><div id=\"pgc-2346-0-0\"  class=\"panel-grid-cell\" ><div id=\"panel-2346-0-0-0\" class=\"so-panel widget widget_sow-editor panel-first-child panel-last-child\" data-index=\"0\" ><div class=\"so-widget-sow-editor so-widget-sow-editor-base\">\n<div class=\"siteorigin-widget-tinymce textwidget\">\n\t<h2>Tipos de Accidentes ocasionados en la Alberca<\/h2>\n<p>Las albercas proporcionan plusval\u00eda a cualquier inmueble. Contar con una alberca es una muy buena opci\u00f3n, pues podemosdisfrutar de un d\u00eda soleado e incrementar el valor de nuestra propiedad. Sin embargo, contar con una alberca en su casa puede acarrear algunos riesgos. Veamos cu\u00e1les pueden ser los diferentes tipos de lesiones que pueden ocurrir en una alberca y que acciones debe de tomar usted para evitarlas.<\/p>\n<p><strong>Tipos de lesiones que pueden ocurrir en la Alberca<\/strong><br \/>\nCualquier abogado que se especialice en casos de lesiones causadas enalbercas, ha representado un sinn\u00famero de este tipo de casos a lo largo de los a\u00f1os. No obstante, siempre hay un n\u00famero m\u00e1s reducido de lesiones que se presentan con mayor frecuenciaen este tipo de accidentes. Para prop\u00f3sito del siguiente art\u00edculo, s\u00f3lo nombraremos aquellas lesiones que pueden suceder en zonas residenciales, enalbercas p\u00fablicas o privadas. Las lesiones m\u00e1s comunes en casos de albercas son:<\/p>\n<ul>\n<li>Ca\u00eddas ocasionadas al resbalarse.<\/li>\n<li>Lesiones en trampolines.<\/li>\n<li>Casos de Ahogamiento.<\/li>\n<li><\/li>\n<li>Enfermedades infecciosas.<\/li>\n<li><\/li>\n<\/ul>\n<p>Como usted puede observar, son varios los tipos de accidentes que pueden ocurrir en una alberca. Algunos de ellos, pueden conllevar serias lesiones que incluyenlesiones cerebrales, muertes culposas, lesiones de la espina dorsal y lesiones de cuello. Si bien algunas de \u00e9stas, pueden sanar con un adecuado tratamiento m\u00e9dico, algunas pueden cambiar completamente la vida de quien las sufre. Muchas personas que son lesionadas por un Accidente en una Alberca tienen la necesidad de contratar a un abogado especialista en ese tipo de accidentes para poder obtener el pago por los gastos m\u00e9dico erogados, el da\u00f1o y sufrimiento padecido, el pago de las operacionesa las que se tuvo que sujetar, as\u00ed como la atenci\u00f3n m\u00e9dica de especialistas en el tipo de lesiones sufridas, y la compensaci\u00f3n por los salarios no devengados.<\/p>\n<p><strong>\u00bfC\u00f3mo suceden las lesiones en la alberca? <\/strong><br \/>\nCualquier propietario de un inmueble que cuente con una alberca tiene el deber legal de ofrecer un ambiente seguro en el \u00e1rea de la alberca. Un abogado especialista en Accidentes ocurridos en una Alberca, siempre analizar\u00e1 si el propietario del inmueble omiti\u00f3 conducirse conforme a las exigencias de este deber legal. El t\u00e9rmino propietarios incluye, due\u00f1os de inmuebles particulares, propietarios de hoteles, asociaciones de condominios, entre otras.<\/p>\n<p>Un abogado que sea experto en este tipo de accidentes podr\u00e1 probar que el propietario del inmueble fue negligente respecto a su deber legal y fue gracias a esa negligencia que las lesiones de la v\u00edctima fueron ocasionadas. En algunos casos probar esta negligencia puede ser muy simple, sin embargo, puede ser m\u00e1s dif\u00edcil en otros. Por lo que, lo primero que analizar\u00e1 cualquier abogado experto en estos temas ser\u00e1 si la conducta negligente incluy\u00f3:<\/p>\n<ul>\n<li>Falta de mantenimiento de la alberca.<\/li>\n<li>Falta de escaleras dentro de la alberca.<\/li>\n<li>Mal funcionamiento de las bardas divisoras.<\/li>\n<li>Ausencia de letreros de seguridad.<\/li>\n<li>Partes defectuosas de la alberca.<\/li>\n<li>Poca o nula iluminaci\u00f3n a lo largo de la alberca.<\/li>\n<li>Ausencia de equipo m\u00ednimo de seguridad.<\/li>\n<li>Staff sin la suficiente capacitaci\u00f3n para la atenci\u00f3n de cualquier evento que suceda en la alberca.<\/li>\n<li>Acciones de prevenci\u00f3n de lesiones en la alberca.<\/li>\n<\/ul>\n<p>En Los \u00c1ngeles cualquier abogado dedicado a la representaci\u00f3n de casos de Lesiones Personales, recomendar\u00e1 a sus clientes llevar a cabo acciones de prevenci\u00f3n de accidentes en la alberca. Independientemente si usted busca protegerse de alguna responsabilidad o proteger a los usuarios de la piscina, el contar con medidas de seguridad siempre resulta ser lo m\u00e1s ben\u00e9fico. Veamos cu\u00e1les son las acciones que se deben de tomar para prevenir que este tipo de accidentes sucedan.<\/p>\n<p>Es importante que estemos conscientes de que son varias las acciones que debemos de tomar para prevenir un accidente en una alberca. La ley obliga a cualquier alberca p\u00fablica a contar con un salvavidas siempre que j\u00f3venes de 16 a\u00f1os o menores est\u00e9n us\u00e1ndola. La ley tambi\u00e9n prev\u00e9 que,otro tipo de albercas cuenten en todo momento con un salvavidas sin importar la edad de los usuarios de la alberca. Estas provisiones aplican para parques acu\u00e1ticos, toboganes de agua y albercas de ola. Cuando la presencia de un salvavidas es requerida, se debe de contar un uno por cada 100 personas. Esto conlleva a que las albercas p\u00fablicas que puedan albergar a m\u00e1s de cien personas, deber\u00e1n contar con m\u00e1s de un salvavidas en servicio.<\/p>\n<p>Essabido que cualquier abogado especialista en Lesiones Personales de Los \u00c1ngelestomar\u00e1 m\u00e1s r\u00e1pido la representaci\u00f3n de un accidente ocurrido en la alberca, si \u00e9ste sucedi\u00f3 en el domicilio de alguna persona, que si sucedi\u00f3 en una alberca p\u00fablica. Esto se debe principalmente a dos factores, el primero es que, las albercas privadas t\u00edpicamente no cuentan con los mismos est\u00e1ndares de seguridad que las albercas p\u00fablicas. En muchos estados, la ley no exige que las albercas privadas cuenten con una protecci\u00f3n que rodee la alberca. En segundo lugar, las personas suelen disminuir las medidas de seguridad en una alberca residencial que una alberca p\u00fablica. Esto puede conllevar a que los usuarios no sean tan cuidadososy realicen acciones que no har\u00edas en una alberca p\u00fablica.<\/p>\n<p>Como propietario de un inmueble que cuenta con una alberca, es una buena idea tomar las precaucionesdebidas al uso de la misma. Por lo que, es necesario tomar las medidas necesarias para evitar la posible responsabilidad en caso de un accidente. De ser necesario, es recomendable instalar una protecci\u00f3n que rodee la alberca, as\u00ed como contar con \u00e1reas anti-derrapantes, que son de gran ayuda en la prevenci\u00f3n de lesiones por caerse al resbalarse. Como propietario, su mejor opci\u00f3n llevar a cabo acciones de prevenci\u00f3n de accidentes en su alberca, para as\u00ed evitar tener que contratar los servicios de un abogado experto en Accidentes ocurridos en las albercas para defenderlo.<\/p>\n<p><strong>COMPARTE<\/strong><\/p>\n<ul>\n<li>Prevenci\u00f3n de Accidentes de Alberca.<\/li>\n<li>La Responsabilidad en los accidentes ocurridos en una Alberca P\u00fablica en Los \u00c1ngeles.<\/li>\n<li>Responsabilidad de Hoteles y Resorts por accidentes ocurridos en sus albercas.<\/li>\n<\/ul>\n<\/div>\n<\/div><\/div><\/div><\/div><\/div>","protected":false},"excerpt":{"rendered":"<p>Tipos de Accidentes ocasionados en la Alberca Las albercas proporcionan plusval\u00eda a cualquier inmueble. Contar con una alberca es una muy buena opci\u00f3n, pues podemosdisfrutar de un d\u00eda soleado e incrementar el valor de nuestra propiedad. Sin embargo, contar con una alberca en su casa puede acarrear algunos riesgos. Veamos cu\u00e1les pueden ser los diferentes tipos de lesiones que pueden ocurrir en una alberca y que acciones debe de tomar usted para evitarlas. Tipos de lesiones que pueden ocurrir en la Alberca Cualquier abogado que se especialice en casos de lesiones causadas enalbercas, ha representado un sinn\u00famero de este tipo de casos a lo largo de los a\u00f1os. No obstante, siempre hay un n\u00famero m\u00e1s reducido de lesiones que se presentan con mayor frecuenciaen este tipo de accidentes. Para prop\u00f3sito del siguiente art\u00edculo, s\u00f3lo nombraremos aquellas lesiones que pueden suceder en zonas residenciales, enalbercas p\u00fablicas o privadas. Las lesiones m\u00e1s comunes en casos de albercas son: Ca\u00eddas ocasionadas al resbalarse. Lesiones en trampolines. Casos de Ahogamiento. Enfermedades infecciosas. Como usted puede observar, son varios los tipos de accidentes que pueden ocurrir en una alberca. Algunos de ellos, pueden conllevar serias lesiones que incluyenlesiones cerebrales, muertes culposas, lesiones de la espina dorsal y lesiones de cuello. Si bien algunas de \u00e9stas, pueden sanar con un adecuado tratamiento m\u00e9dico, algunas pueden cambiar completamente la vida de quien las sufre. Muchas personas que son lesionadas por un Accidente en una Alberca tienen la necesidad de contratar a un abogado especialista en ese tipo de accidentes para poder obtener el pago por los gastos m\u00e9dico erogados, el da\u00f1o y sufrimiento padecido, el pago de las operacionesa las que se tuvo que sujetar, as\u00ed como la atenci\u00f3n m\u00e9dica de especialistas en el tipo de lesiones sufridas, y la compensaci\u00f3n por los salarios no devengados. \u00bfC\u00f3mo suceden las lesiones en la alberca? Cualquier propietario de un inmueble que cuente con una alberca tiene el deber legal de ofrecer un ambiente seguro en el \u00e1rea de la alberca. Un abogado especialista en Accidentes ocurridos en una Alberca, siempre analizar\u00e1 si el propietario del inmueble omiti\u00f3 conducirse conforme a las exigencias de este deber legal. El t\u00e9rmino propietarios incluye, due\u00f1os de inmuebles particulares, propietarios de hoteles, asociaciones de condominios, entre otras. Un abogado que sea experto en este tipo de accidentes podr\u00e1 probar que el propietario del inmueble fue negligente respecto a su deber legal y fue gracias a esa negligencia que las lesiones de la v\u00edctima fueron ocasionadas. En algunos casos probar esta negligencia puede ser muy simple, sin embargo, puede ser m\u00e1s dif\u00edcil en otros. Por lo que, lo primero que analizar\u00e1 cualquier abogado experto en estos temas ser\u00e1 si la conducta negligente incluy\u00f3: Falta de mantenimiento de la alberca. Falta de escaleras dentro de la alberca. Mal funcionamiento de las bardas divisoras. Ausencia de letreros de seguridad. Partes defectuosas de la alberca. Poca o nula iluminaci\u00f3n a lo largo de la alberca. Ausencia de equipo m\u00ednimo de seguridad. Staff sin la suficiente capacitaci\u00f3n para la atenci\u00f3n de cualquier evento que suceda en la alberca. Acciones de prevenci\u00f3n de lesiones en la alberca. En Los \u00c1ngeles [&hellip;]<\/p>\n","protected":false},"author":2,"featured_media":0,"parent":0,"menu_order":0,"comment_status":"closed","ping_status":"open","template":"","meta":{"footnotes":""},"class_list":["post-2346","page","type-page","status-publish","hentry"],"yoast_head":"<!-- This site is optimized with the Yoast SEO plugin v16.3 - https:\/\/yoast.com\/wordpress\/plugins\/seo\/ -->\n<title>Best Swimming Pool Injury Lawyer Los Angeles | Gutierrez Law<\/title>\n<meta name=\"description\" content=\"Top 1%. No Fee Until You Win! Free Consultation. 40+ Years of Experience. Avvo Rating 10. We have dedicated swimming pool injury lawyers ready to assist.\" \/>\n<meta name=\"robots\" content=\"index, follow, max-snippet:-1, max-image-preview:large, max-video-preview:-1\" \/>\n<link rel=\"canonical\" href=\"https:\/\/gutierrezinjury.attorney\/es\/tipos-de-accidentes-ocasionados-en-la-alberca\/\" \/>\n<meta property=\"og:locale\" content=\"es_ES\" \/>\n<meta property=\"og:type\" content=\"article\" \/>\n<meta property=\"og:title\" content=\"Best Swimming Pool Injury Lawyer Los Angeles | Gutierrez Law\" \/>\n<meta property=\"og:description\" content=\"Top 1%. No Fee Until You Win! Free Consultation. 40+ Years of Experience. Avvo Rating 10. We have dedicated swimming pool injury lawyers ready to assist.\" \/>\n<meta property=\"og:url\" content=\"https:\/\/gutierrezinjury.attorney\/es\/tipos-de-accidentes-ocasionados-en-la-alberca\/\" \/>\n<meta property=\"og:site_name\" content=\"Personal Injury Lawyer Los Angeles\" \/>\n<meta property=\"article:modified_time\" content=\"2020-09-03T09:49:10+00:00\" \/>\n<meta name=\"twitter:card\" content=\"summary_large_image\" \/>\n<meta name=\"twitter:label1\" content=\"Tiempo de lectura\">\n\t<meta name=\"twitter:data1\" content=\"5 minutos\">\n<script type=\"application\/ld+json\" class=\"yoast-schema-graph\">{\"@context\":\"https:\/\/schema.org\",\"@graph\":[{\"@type\":\"WebSite\",\"@id\":\"https:\/\/gutierrezinjury.attorney\/#website\",\"url\":\"https:\/\/gutierrezinjury.attorney\/\",\"name\":\"Personal Injury Lawyer Los Angeles\",\"description\":\"How to File Personal Injury Claim\",\"potentialAction\":[{\"@type\":\"SearchAction\",\"target\":\"https:\/\/gutierrezinjury.attorney\/?s={search_term_string}\",\"query-input\":\"required name=search_term_string\"}],\"inLanguage\":\"es\"},{\"@type\":\"WebPage\",\"@id\":\"https:\/\/gutierrezinjury.attorney\/es\/tipos-de-accidentes-ocasionados-en-la-alberca\/#webpage\",\"url\":\"https:\/\/gutierrezinjury.attorney\/es\/tipos-de-accidentes-ocasionados-en-la-alberca\/\",\"name\":\"Best Swimming Pool Injury Lawyer Los Angeles | Gutierrez Law\",\"isPartOf\":{\"@id\":\"https:\/\/gutierrezinjury.attorney\/#website\"},\"datePublished\":\"2019-06-27T12:39:44+00:00\",\"dateModified\":\"2020-09-03T09:49:10+00:00\",\"description\":\"Top 1%. No Fee Until You Win! Free Consultation. 40+ Years of Experience. Avvo Rating 10. We have dedicated swimming pool injury lawyers ready to assist.\",\"breadcrumb\":{\"@id\":\"https:\/\/gutierrezinjury.attorney\/es\/tipos-de-accidentes-ocasionados-en-la-alberca\/#breadcrumb\"},\"inLanguage\":\"es\",\"potentialAction\":[{\"@type\":\"ReadAction\",\"target\":[\"https:\/\/gutierrezinjury.attorney\/es\/tipos-de-accidentes-ocasionados-en-la-alberca\/\"]}]},{\"@type\":\"BreadcrumbList\",\"@id\":\"https:\/\/gutierrezinjury.attorney\/es\/tipos-de-accidentes-ocasionados-en-la-alberca\/#breadcrumb\",\"itemListElement\":[{\"@type\":\"ListItem\",\"position\":1,\"item\":{\"@type\":\"WebPage\",\"@id\":\"https:\/\/gutierrezinjury.attorney\/es\/\",\"url\":\"https:\/\/gutierrezinjury.attorney\/es\/\",\"name\":\"Home\"}},{\"@type\":\"ListItem\",\"position\":2,\"item\":{\"@id\":\"https:\/\/gutierrezinjury.attorney\/es\/tipos-de-accidentes-ocasionados-en-la-alberca\/#webpage\"}}]}]}<\/script>\n<!-- \/ Yoast SEO plugin. -->","_links":{"self":[{"href":"https:\/\/gutierrezinjury.attorney\/es\/wp-json\/wp\/v2\/pages\/2346","targetHints":{"allow":["GET"]}}],"collection":[{"href":"https:\/\/gutierrezinjury.attorney\/es\/wp-json\/wp\/v2\/pages"}],"about":[{"href":"https:\/\/gutierrezinjury.attorney\/es\/wp-json\/wp\/v2\/types\/page"}],"author":[{"embeddable":true,"href":"https:\/\/gutierrezinjury.attorney\/es\/wp-json\/wp\/v2\/users\/2"}],"replies":[{"embeddable":true,"href":"https:\/\/gutierrezinjury.attorney\/es\/wp-json\/wp\/v2\/comments?post=2346"}],"version-history":[{"count":0,"href":"https:\/\/gutierrezinjury.attorney\/es\/wp-json\/wp\/v2\/pages\/2346\/revisions"}],"wp:attachment":[{"href":"https:\/\/gutierrezinjury.attorney\/es\/wp-json\/wp\/v2\/media?parent=2346"}],"curies":[{"name":"wp","href":"https:\/\/api.w.org\/{rel}","templated":true}]}}