{"id":2341,"date":"2019-06-27T10:40:29","date_gmt":"2019-06-27T10:40:29","guid":{"rendered":"https:\/\/gutierrezinjury.attorney\/burn-injuries\/"},"modified":"2020-09-03T09:39:19","modified_gmt":"2020-09-03T09:39:19","slug":"lesiones-por-quemaduras","status":"publish","type":"page","link":"https:\/\/gutierrezinjury.attorney\/es\/lesiones-por-quemaduras\/","title":{"rendered":"INDEMNIZACI\u00d3N POR LESIONES CAUSADAS POR QUEMADURAS"},"content":{"rendered":"<div id=\"pl-2341\"  class=\"panel-layout\" ><div id=\"pg-2341-0\"  class=\"panel-grid panel-no-style\" ><div id=\"pgc-2341-0-0\"  class=\"panel-grid-cell\" ><div id=\"panel-2341-0-0-0\" class=\"so-panel widget widget_sow-editor panel-first-child panel-last-child\" data-index=\"0\" ><div class=\"so-widget-sow-editor so-widget-sow-editor-base\">\n<div class=\"siteorigin-widget-tinymce textwidget\">\n\t<h2>Abogados especialistas en Lesiones causadas por Quemaduras ubicados en Los \u00c1ngeles<\/h2>\n<p>Las quemaduras sufridas durante un incendio,son una de las lesiones m\u00e1s traum\u00e1ticas que una persona puede padecer.Las dificultades econ\u00f3micas, f\u00edsicas y emocionales causadas por una quemadura, aunado al tratamiento y etapa de recuperaci\u00f3n traen resultados catastr\u00f3ficos en la vida de la v\u00edctima, as\u00ed como la de \u00a0sus familiares. Las estad\u00edsticas dadas por el gobierno federal y los gobiernos estatales estiman que cada a\u00f1o m\u00e1s de un mill\u00f3n de personas sufren quemaduras.<\/p>\n<p>Los accidentes por quemaduras implican complejos problemas de car\u00e1cter jur\u00eddico y cient\u00edfico. Las causas m\u00e1s comunes de un incendio son detectores de humo defectuosos, accidentes ocasionados porcigarros encendidos, accidentes ocasionados por calentadores port\u00e1tiles, explosiones de gas tanto dom\u00e9sticas como industriales, incendios de hospitales, quemaduras por productos qu\u00edmicos, quemaduras ocasionadas en laboratorios o plantas qu\u00edmicas, entre otras causas.<\/p>\n<p>Las quemaduras est\u00e1n clasificadas en tres diferentes categor\u00edas, las cuales, est\u00e1n basadas en la gravedad de las lesiones sufridas por la v\u00edctima. Las quemaduras de primer grado causan lesiones en las capas superiores de la piel. Por su parte, las quemaduras de segundo grado pueden causar lesiones en la capa inferior de la piel. Sin embargo, las quemaduras de tercer grado son las m\u00e1s graves, pues afectan las capas internas de la piel y los \u00f3rganos que \u00e9stas protegen.<\/p>\n<p><strong>\u00bfCu\u00e1les son las caracter\u00edsticas que debe tener un abogado para que lo pueda representar adecuadamente en un caso donde usted sufri\u00f3 una Quemadura? <\/strong><br \/>\nSi usted ha sido v\u00edctima de una quemadura y desea que los da\u00f1os que \u00e9sta le ha causado sean reparados, usted necesita un abogado especialista en Accidentes por Quemaduras, que entienda los factores que pudieron influir en su accidente, como lo son la temperatura a la que fue expuesta, los qu\u00edmicos que causaron su lesi\u00f3n, as\u00ed como el nivel de radiaci\u00f3n y fuerza el\u00e9ctrica presente al momento del accidente, para que, con esa informaci\u00f3n se pueda elaborar una demanda s\u00f3lida. Las demandas por Quemaduras elaboradas en la Firma Legal de Oscar H Gutierrez, APC,tienen un profundo y concreto an\u00e1lisis de los elementos que envuelven un accidente que ha causado las quemaduras de la v\u00edctima, puesto que se examina el tipo de lesiones, las causas y las secuelas f\u00edsicas y emocionales sufridas por la v\u00edctima.<\/p>\n<p>Una vez que usted ha decidido que la Firma Legal de Oscar H Gutierrez, APC, junto con su equipo de abogados expertos en quemaduras accidentales represente su caso, procederemos a firmar un contrato de honorarios profesionales basado en contingencia, esto es, que usted s\u00f3lo tendr\u00e1 que pagar nuestros honorarios en caso de que ganemos su caso y usted reciba una indemnizaci\u00f3n econ\u00f3mica por el mismo. La filosof\u00eda de nuestra firma al aceptar la representaci\u00f3n de un asunto en donde una persona sufri\u00f3 quemaduras, es la de poner todos los recursos que est\u00e9n a nuestro alcance para que ustedobtenga la mayor compensaci\u00f3n posible.<\/p>\n<p>Nuestra amplia experiencia representado a v\u00edctimas de quemaduras a lo largo del Estado de California, nos permite saber cu\u00e1les son los elementos probatorios que deben ser acreditados en un proceso judicial para obtener la mejor compensaci\u00f3n econ\u00f3mica en beneficio de nuestros clientes. Nuestro equipo de abogados expertos en Quemaduras accidentales y Lesiones Personales, est\u00e1n listos para proporcionar la asesor\u00eda legal adecuada a las v\u00edctimas de quemaduras ocasionadas por la negligencia en la que incurrieron terceras personas. Si usted tiene alguna duda acerca de su quemadura, tenga la seguridad de que puede contactar a las oficinas de la Firma Legal de Oscar H Gutierrez, APC,al n\u00famero (323)999-3500 para solicitar cualquier tipo de asesor\u00eda relacionada con su caso.<\/p>\n<p>\u00bfHa sufrido alguna quemadura en un incendio? \u00bfLe gustar\u00eda que el da\u00f1o f\u00edsico y emocional que ha sufrido a partir de sus quemaduras sea reparado? \u00bfConsidera que podr\u00e1 cerrar este lamentable cap\u00edtulo en su vida si los responsables de sus quemaduras son llevados ante la justicia? Si usted contest\u00f3 de manera afirmativa a una o m\u00e1s de las preguntas anteriores, usted deber\u00eda llamar hoy mismo a las oficinas de la Firma Legal de Oscar H Gutierrez, APC, al n\u00famero (323)999-3500 para obtener una consulta gratuita y confidencial con uno de nuestros abogados expertos en este tipo de casos.<\/p>\n<p><strong>COMPARTE<\/strong><\/p>\n<ul>\n<li>\u00bfCu\u00e1l es el monto de la sanci\u00f3n econ\u00f3mica y el monto de las indemnizaciones en casos por Quemaduras Accidentales?<\/li>\n<li>\u00bfCu\u00e1les son los s\u00edntomas y casusas de una quemadura?<\/li>\n<li>Quemaduras causadas al electrocutarse.<\/li>\n<\/ul>\n<\/div>\n<\/div><\/div><\/div><\/div><\/div>","protected":false},"excerpt":{"rendered":"<p>Abogados especialistas en Lesiones causadas por Quemaduras ubicados en Los \u00c1ngeles Las quemaduras sufridas durante un incendio,son una de las lesiones m\u00e1s traum\u00e1ticas que una persona puede padecer.Las dificultades econ\u00f3micas, f\u00edsicas y emocionales causadas por una quemadura, aunado al tratamiento y etapa de recuperaci\u00f3n traen resultados catastr\u00f3ficos en la vida de la v\u00edctima, as\u00ed como la de \u00a0sus familiares. Las estad\u00edsticas dadas por el gobierno federal y los gobiernos estatales estiman que cada a\u00f1o m\u00e1s de un mill\u00f3n de personas sufren quemaduras. Los accidentes por quemaduras implican complejos problemas de car\u00e1cter jur\u00eddico y cient\u00edfico. Las causas m\u00e1s comunes de un incendio son detectores de humo defectuosos, accidentes ocasionados porcigarros encendidos, accidentes ocasionados por calentadores port\u00e1tiles, explosiones de gas tanto dom\u00e9sticas como industriales, incendios de hospitales, quemaduras por productos qu\u00edmicos, quemaduras ocasionadas en laboratorios o plantas qu\u00edmicas, entre otras causas. Las quemaduras est\u00e1n clasificadas en tres diferentes categor\u00edas, las cuales, est\u00e1n basadas en la gravedad de las lesiones sufridas por la v\u00edctima. Las quemaduras de primer grado causan lesiones en las capas superiores de la piel. Por su parte, las quemaduras de segundo grado pueden causar lesiones en la capa inferior de la piel. Sin embargo, las quemaduras de tercer grado son las m\u00e1s graves, pues afectan las capas internas de la piel y los \u00f3rganos que \u00e9stas protegen. \u00bfCu\u00e1les son las caracter\u00edsticas que debe tener un abogado para que lo pueda representar adecuadamente en un caso donde usted sufri\u00f3 una Quemadura? Si usted ha sido v\u00edctima de una quemadura y desea que los da\u00f1os que \u00e9sta le ha causado sean reparados, usted necesita un abogado especialista en Accidentes por Quemaduras, que entienda los factores que pudieron influir en su accidente, como lo son la temperatura a la que fue expuesta, los qu\u00edmicos que causaron su lesi\u00f3n, as\u00ed como el nivel de radiaci\u00f3n y fuerza el\u00e9ctrica presente al momento del accidente, para que, con esa informaci\u00f3n se pueda elaborar una demanda s\u00f3lida. Las demandas por Quemaduras elaboradas en la Firma Legal de Oscar H Gutierrez, APC,tienen un profundo y concreto an\u00e1lisis de los elementos que envuelven un accidente que ha causado las quemaduras de la v\u00edctima, puesto que se examina el tipo de lesiones, las causas y las secuelas f\u00edsicas y emocionales sufridas por la v\u00edctima. Una vez que usted ha decidido que la Firma Legal de Oscar H Gutierrez, APC, junto con su equipo de abogados expertos en quemaduras accidentales represente su caso, procederemos a firmar un contrato de honorarios profesionales basado en contingencia, esto es, que usted s\u00f3lo tendr\u00e1 que pagar nuestros honorarios en caso de que ganemos su caso y usted reciba una indemnizaci\u00f3n econ\u00f3mica por el mismo. La filosof\u00eda de nuestra firma al aceptar la representaci\u00f3n de un asunto en donde una persona sufri\u00f3 quemaduras, es la de poner todos los recursos que est\u00e9n a nuestro alcance para que ustedobtenga la mayor compensaci\u00f3n posible. Nuestra amplia experiencia representado a v\u00edctimas de quemaduras a lo largo del Estado de California, nos permite saber cu\u00e1les son los elementos probatorios que deben ser acreditados en un proceso judicial para obtener la mejor compensaci\u00f3n econ\u00f3mica en beneficio de nuestros clientes. Nuestro [&hellip;]<\/p>\n","protected":false},"author":2,"featured_media":0,"parent":0,"menu_order":0,"comment_status":"closed","ping_status":"open","template":"","meta":{"footnotes":""},"class_list":["post-2341","page","type-page","status-publish","hentry"],"yoast_head":"<!-- This site is optimized with the Yoast SEO plugin v16.3 - https:\/\/yoast.com\/wordpress\/plugins\/seo\/ -->\n<title>Burn Injury Lawyer Los Angeles - Large Compensation for Burn Injuries<\/title>\n<meta name=\"description\" content=\"Victim of a burn injury? Don&#039;t wait--call now! Our experienced lawyers can help every step of the way. Free case review. No fees unless we win.\" \/>\n<meta name=\"robots\" content=\"index, follow, max-snippet:-1, max-image-preview:large, max-video-preview:-1\" \/>\n<link rel=\"canonical\" href=\"https:\/\/gutierrezinjury.attorney\/es\/lesiones-por-quemaduras\/\" \/>\n<meta property=\"og:locale\" content=\"es_ES\" \/>\n<meta property=\"og:type\" content=\"article\" \/>\n<meta property=\"og:title\" content=\"Burn Injury Lawyer Los Angeles - Large Compensation for Burn Injuries\" \/>\n<meta property=\"og:description\" content=\"Victim of a burn injury? Don&#039;t wait--call now! Our experienced lawyers can help every step of the way. Free case review. No fees unless we win.\" \/>\n<meta property=\"og:url\" content=\"https:\/\/gutierrezinjury.attorney\/es\/lesiones-por-quemaduras\/\" \/>\n<meta property=\"og:site_name\" content=\"Personal Injury Lawyer Los Angeles\" \/>\n<meta property=\"article:modified_time\" content=\"2020-09-03T09:39:19+00:00\" \/>\n<meta name=\"twitter:card\" content=\"summary_large_image\" \/>\n<meta name=\"twitter:label1\" content=\"Tiempo de lectura\">\n\t<meta name=\"twitter:data1\" content=\"4 minutos\">\n<script type=\"application\/ld+json\" class=\"yoast-schema-graph\">{\"@context\":\"https:\/\/schema.org\",\"@graph\":[{\"@type\":\"WebSite\",\"@id\":\"https:\/\/gutierrezinjury.attorney\/#website\",\"url\":\"https:\/\/gutierrezinjury.attorney\/\",\"name\":\"Personal Injury Lawyer Los Angeles\",\"description\":\"How to File Personal Injury Claim\",\"potentialAction\":[{\"@type\":\"SearchAction\",\"target\":\"https:\/\/gutierrezinjury.attorney\/?s={search_term_string}\",\"query-input\":\"required name=search_term_string\"}],\"inLanguage\":\"es\"},{\"@type\":\"WebPage\",\"@id\":\"https:\/\/gutierrezinjury.attorney\/es\/lesiones-por-quemaduras\/#webpage\",\"url\":\"https:\/\/gutierrezinjury.attorney\/es\/lesiones-por-quemaduras\/\",\"name\":\"Burn Injury Lawyer Los Angeles - Large Compensation for Burn Injuries\",\"isPartOf\":{\"@id\":\"https:\/\/gutierrezinjury.attorney\/#website\"},\"datePublished\":\"2019-06-27T10:40:29+00:00\",\"dateModified\":\"2020-09-03T09:39:19+00:00\",\"description\":\"Victim of a burn injury? Don't wait--call now! Our experienced lawyers can help every step of the way. Free case review. No fees unless we win.\",\"breadcrumb\":{\"@id\":\"https:\/\/gutierrezinjury.attorney\/es\/lesiones-por-quemaduras\/#breadcrumb\"},\"inLanguage\":\"es\",\"potentialAction\":[{\"@type\":\"ReadAction\",\"target\":[\"https:\/\/gutierrezinjury.attorney\/es\/lesiones-por-quemaduras\/\"]}]},{\"@type\":\"BreadcrumbList\",\"@id\":\"https:\/\/gutierrezinjury.attorney\/es\/lesiones-por-quemaduras\/#breadcrumb\",\"itemListElement\":[{\"@type\":\"ListItem\",\"position\":1,\"item\":{\"@type\":\"WebPage\",\"@id\":\"https:\/\/gutierrezinjury.attorney\/es\/\",\"url\":\"https:\/\/gutierrezinjury.attorney\/es\/\",\"name\":\"Home\"}},{\"@type\":\"ListItem\",\"position\":2,\"item\":{\"@id\":\"https:\/\/gutierrezinjury.attorney\/es\/lesiones-por-quemaduras\/#webpage\"}}]}]}<\/script>\n<!-- \/ Yoast SEO plugin. -->","_links":{"self":[{"href":"https:\/\/gutierrezinjury.attorney\/es\/wp-json\/wp\/v2\/pages\/2341","targetHints":{"allow":["GET"]}}],"collection":[{"href":"https:\/\/gutierrezinjury.attorney\/es\/wp-json\/wp\/v2\/pages"}],"about":[{"href":"https:\/\/gutierrezinjury.attorney\/es\/wp-json\/wp\/v2\/types\/page"}],"author":[{"embeddable":true,"href":"https:\/\/gutierrezinjury.attorney\/es\/wp-json\/wp\/v2\/users\/2"}],"replies":[{"embeddable":true,"href":"https:\/\/gutierrezinjury.attorney\/es\/wp-json\/wp\/v2\/comments?post=2341"}],"version-history":[{"count":0,"href":"https:\/\/gutierrezinjury.attorney\/es\/wp-json\/wp\/v2\/pages\/2341\/revisions"}],"wp:attachment":[{"href":"https:\/\/gutierrezinjury.attorney\/es\/wp-json\/wp\/v2\/media?parent=2341"}],"curies":[{"name":"wp","href":"https:\/\/api.w.org\/{rel}","templated":true}]}}